{"id":1241,"date":"2024-10-25T17:49:41","date_gmt":"2024-10-25T15:49:41","guid":{"rendered":"https:\/\/actibase.eu\/?post_type=product&#038;p=1241"},"modified":"2024-10-25T17:50:18","modified_gmt":"2024-10-25T15:50:18","slug":"gamma-walerolakton-%ce%b3-valerolactone-gamma-valerolactone-999","status":"publish","type":"product","link":"https:\/\/actibase.eu\/de\/product\/gamma-walerolakton-\u03b3-valerolactone-gamma-valerolactone-999\/","title":{"rendered":"gamma-Walerolakton, \u03b3-Valerolactone, gamma-Valerolactone 99,9%"},"content":{"rendered":"<div class=\"resetcss\">\n<div class=\"resetcss\">\n<div id=\"box_description\" class=\"box tab\">\n<div class=\"innerbox\">\n<div class=\"resetcss\">\n<h2 class=\"h3\">gamma-Walerolakton<\/h2>\n<p>Wz\u00f3r:\u00a0<strong>C5H8O2<\/strong><\/p>\n<p>Wygl\u0105d:\u00a0<span class=\"Y2IQFc\" lang=\"pl\" xml:lang=\"pl\">Bezbarwna do jasno\u017c\u00f3\u0142tej ciecz<\/span><\/p>\n<p>Numer Cas: 108-29-2<\/p>\n<p>Opakowanie: Szklane ciemno szk\u0142o apteczne<\/p>\n<p>Der Preis ist pro 1 L<\/p>\n<\/div>\n<\/div>\n<\/div>\n<\/div>\n<\/div>","protected":false},"excerpt":{"rendered":"<p>gamma-Walerolakton Wz\u00f3r:\u00a0C5H8O2 Wygl\u0105d:\u00a0Bezbarwna do jasno\u017c\u00f3\u0142tej ciecz Numer Cas: 108-29-2 Opakowanie: Szklane ciemno szk\u0142o apteczne Cena dotyczy 1l<\/p>","protected":false},"featured_media":1242,"template":"","meta":[],"product_cat":[89],"product_tag":[],"class_list":{"0":"post-1241","1":"product","2":"type-product","3":"status-publish","4":"has-post-thumbnail","6":"product_cat-rozpuszczalniki","8":"first","9":"instock","10":"taxable","11":"shipping-taxable","12":"purchasable","13":"product-type-simple"},"_links":{"self":[{"href":"https:\/\/actibase.eu\/de\/wp-json\/wp\/v2\/product\/1241","targetHints":{"allow":["GET"]}}],"collection":[{"href":"https:\/\/actibase.eu\/de\/wp-json\/wp\/v2\/product"}],"about":[{"href":"https:\/\/actibase.eu\/de\/wp-json\/wp\/v2\/types\/product"}],"version-history":[{"count":1,"href":"https:\/\/actibase.eu\/de\/wp-json\/wp\/v2\/product\/1241\/revisions"}],"predecessor-version":[{"id":1244,"href":"https:\/\/actibase.eu\/de\/wp-json\/wp\/v2\/product\/1241\/revisions\/1244"}],"wp:featuredmedia":[{"embeddable":true,"href":"https:\/\/actibase.eu\/de\/wp-json\/wp\/v2\/media\/1242"}],"wp:attachment":[{"href":"https:\/\/actibase.eu\/de\/wp-json\/wp\/v2\/media?parent=1241"}],"wp:term":[{"taxonomy":"product_cat","embeddable":true,"href":"https:\/\/actibase.eu\/de\/wp-json\/wp\/v2\/product_cat?post=1241"},{"taxonomy":"product_tag","embeddable":true,"href":"https:\/\/actibase.eu\/de\/wp-json\/wp\/v2\/product_tag?post=1241"}],"curies":[{"name":"wp","href":"https:\/\/api.w.org\/{rel}","templated":true}]}}