{"id":1349,"date":"2024-10-26T16:05:01","date_gmt":"2024-10-26T14:05:01","guid":{"rendered":"https:\/\/actibase.eu\/?post_type=product&#038;p=1349"},"modified":"2024-10-26T16:06:11","modified_gmt":"2024-10-26T14:06:11","slug":"eugenol-999-100ml","status":"publish","type":"product","link":"https:\/\/actibase.eu\/de\/product\/eugenol-999-100ml\/","title":{"rendered":"Geraniol 99,9% 1L"},"content":{"rendered":"<div id=\"box_description\" class=\"box tab\">\n<div class=\"innerbox\">\n<div class=\"resetcss\">\n<div id=\"box_description\" class=\"box tab\">\n<div class=\"innerbox\">\n<div class=\"resetcss\">\n<p>Geraniol 99,9%<\/p>\n<p>Wygl\u0105d bezbarwna lub jasno\u017c\u00f3\u0142ta, oleista ciecz, o s\u0142abym zapachu r\u00f3\u017cy<\/p>\n<p>Numer CAS 106-24-1<\/p>\n<p>Cena dotyczy 100ml<\/p>\n<\/div>\n<\/div>\n<\/div>\n<div id=\"box_productcomments\" class=\"box row tab\">\n<div class=\"boxhead tab-head\"><\/div>\n<\/div>\n<\/div>\n<\/div>\n<\/div>","protected":false},"excerpt":{"rendered":"<p>Geraniol 99,9% Wygl\u0105d bezbarwna lub jasno\u017c\u00f3\u0142ta, oleista ciecz, o s\u0142abym zapachu r\u00f3\u017cy Numer CAS 106-24-1 Cena dotyczy 100ml<\/p>","protected":false},"featured_media":1352,"template":"","meta":[],"product_cat":[68],"product_tag":[],"class_list":{"0":"post-1349","1":"product","2":"type-product","3":"status-publish","4":"has-post-thumbnail","6":"product_cat-odczynniki-chemiczne","8":"first","9":"instock","10":"taxable","11":"shipping-taxable","12":"purchasable","13":"product-type-simple"},"_links":{"self":[{"href":"https:\/\/actibase.eu\/de\/wp-json\/wp\/v2\/product\/1349","targetHints":{"allow":["GET"]}}],"collection":[{"href":"https:\/\/actibase.eu\/de\/wp-json\/wp\/v2\/product"}],"about":[{"href":"https:\/\/actibase.eu\/de\/wp-json\/wp\/v2\/types\/product"}],"version-history":[{"count":2,"href":"https:\/\/actibase.eu\/de\/wp-json\/wp\/v2\/product\/1349\/revisions"}],"predecessor-version":[{"id":1354,"href":"https:\/\/actibase.eu\/de\/wp-json\/wp\/v2\/product\/1349\/revisions\/1354"}],"wp:featuredmedia":[{"embeddable":true,"href":"https:\/\/actibase.eu\/de\/wp-json\/wp\/v2\/media\/1352"}],"wp:attachment":[{"href":"https:\/\/actibase.eu\/de\/wp-json\/wp\/v2\/media?parent=1349"}],"wp:term":[{"taxonomy":"product_cat","embeddable":true,"href":"https:\/\/actibase.eu\/de\/wp-json\/wp\/v2\/product_cat?post=1349"},{"taxonomy":"product_tag","embeddable":true,"href":"https:\/\/actibase.eu\/de\/wp-json\/wp\/v2\/product_tag?post=1349"}],"curies":[{"name":"wp","href":"https:\/\/api.w.org\/{rel}","templated":true}]}}