{"id":1392,"date":"2024-10-26T16:17:11","date_gmt":"2024-10-26T14:17:11","guid":{"rendered":"https:\/\/actibase.eu\/?post_type=product&#038;p=1392"},"modified":"2024-10-26T16:18:05","modified_gmt":"2024-10-26T14:18:05","slug":"tlenek-talu-999-100g","status":"publish","type":"product","link":"https:\/\/actibase.eu\/de\/product\/tlenek-talu-999-100g\/","title":{"rendered":"Tlenek Talu 99,9% 100g"},"content":{"rendered":"<div id=\"box_description\" class=\"box tab\">\n<div class=\"innerbox\">\n<div class=\"resetcss\">\n<div id=\"box_description\" class=\"box tab\">\n<div class=\"innerbox\">\n<div class=\"resetcss\">\n<div class=\"NazwaProducent\">\n<p>Tlenek talu 99,9%<\/p>\n<p>Wz\u00f3r: Tl2O<\/p>\n<p>G\u0119sto\u015b\u0107: 10,45 g\/cm\u00b3<\/p>\n<p>Temperatura wrzenia: 1 080 \u00b0C<\/p>\n<p>Masa molowa: 424,07 g\/mol<\/p>\n<p>Temperatura topnienia: 596 \u00b0C<\/p>\n<p>Cena dotyczy 100g<\/p>\n<\/div>\n<\/div>\n<\/div>\n<\/div>\n<\/div>\n<\/div>\n<\/div>","protected":false},"excerpt":{"rendered":"<p>Tlenek talu 99,9% Wz\u00f3r: Tl2O G\u0119sto\u015b\u0107: 10,45 g\/cm\u00b3 Temperatura wrzenia: 1 080 \u00b0C Masa molowa: 424,07 g\/mol Temperatura topnienia: 596 \u00b0C Cena dotyczy 100g<\/p>","protected":false},"featured_media":1393,"template":"","meta":[],"product_cat":[68],"product_tag":[],"class_list":{"0":"post-1392","1":"product","2":"type-product","3":"status-publish","4":"has-post-thumbnail","6":"product_cat-odczynniki-chemiczne","8":"first","9":"instock","10":"taxable","11":"shipping-taxable","12":"purchasable","13":"product-type-simple"},"_links":{"self":[{"href":"https:\/\/actibase.eu\/de\/wp-json\/wp\/v2\/product\/1392","targetHints":{"allow":["GET"]}}],"collection":[{"href":"https:\/\/actibase.eu\/de\/wp-json\/wp\/v2\/product"}],"about":[{"href":"https:\/\/actibase.eu\/de\/wp-json\/wp\/v2\/types\/product"}],"version-history":[{"count":1,"href":"https:\/\/actibase.eu\/de\/wp-json\/wp\/v2\/product\/1392\/revisions"}],"predecessor-version":[{"id":1394,"href":"https:\/\/actibase.eu\/de\/wp-json\/wp\/v2\/product\/1392\/revisions\/1394"}],"wp:featuredmedia":[{"embeddable":true,"href":"https:\/\/actibase.eu\/de\/wp-json\/wp\/v2\/media\/1393"}],"wp:attachment":[{"href":"https:\/\/actibase.eu\/de\/wp-json\/wp\/v2\/media?parent=1392"}],"wp:term":[{"taxonomy":"product_cat","embeddable":true,"href":"https:\/\/actibase.eu\/de\/wp-json\/wp\/v2\/product_cat?post=1392"},{"taxonomy":"product_tag","embeddable":true,"href":"https:\/\/actibase.eu\/de\/wp-json\/wp\/v2\/product_tag?post=1392"}],"curies":[{"name":"wp","href":"https:\/\/api.w.org\/{rel}","templated":true}]}}