{"id":1474,"date":"2024-10-26T16:54:57","date_gmt":"2024-10-26T14:54:57","guid":{"rendered":"https:\/\/actibase.eu\/?post_type=product&#038;p=1474"},"modified":"2024-10-26T16:55:22","modified_gmt":"2024-10-26T14:55:22","slug":"metaliczny-sod-995-100g","status":"publish","type":"product","link":"https:\/\/actibase.eu\/de\/product\/metaliczny-sod-995-100g\/","title":{"rendered":"Metaliczny S\u00f3d 99,5% 100g"},"content":{"rendered":"<p>Metaliczny s\u00f3d jest srebrzystym, mi\u0119kkim, kowalnym metalem<\/p>\n<p>Pakowany w formie 100 gramowych kawa\u0142k\u00f3w w hermetycznych aluminiowych kapsu\u0142ach<\/p>\n<p>Trzyma\u0107 z daleka od wody gdy\u017c mo\u017ce doj\u015b\u0107 do wybuchu<\/p>\n<p>Na wolnym powietrzu pokrywa si\u0119 szarawym nalotem tlenku sodu<\/p>\n<p>W czystej postaci jest stosowany jako bardzo skuteczny \u015brodek susz\u0105cy rozpuszczalniki organiczne oraz jako substrat wielu reakcji chemicznych m.in. kondensacji Wurtza.<\/p>\n<p>CAS: 7440-23-5<\/p>\n<p>Cena dotyczy 100g<\/p>","protected":false},"excerpt":{"rendered":"<p>Metaliczny s\u00f3d jest srebrzystym, mi\u0119kkim, kowalnym metalem Pakowany w formie 100 gramowych kawa\u0142k\u00f3w w hermetycznych aluminiowych kapsu\u0142ach Trzyma\u0107 z daleka od wody gdy\u017c mo\u017ce doj\u015b\u0107 do wybuchu Na wolnym powietrzu<\/p>","protected":false},"featured_media":1475,"template":"","meta":[],"product_cat":[95],"product_tag":[],"class_list":{"0":"post-1474","1":"product","2":"type-product","3":"status-publish","4":"has-post-thumbnail","6":"product_cat-metale","8":"first","9":"instock","10":"sale","11":"taxable","12":"shipping-taxable","13":"purchasable","14":"product-type-simple"},"_links":{"self":[{"href":"https:\/\/actibase.eu\/de\/wp-json\/wp\/v2\/product\/1474","targetHints":{"allow":["GET"]}}],"collection":[{"href":"https:\/\/actibase.eu\/de\/wp-json\/wp\/v2\/product"}],"about":[{"href":"https:\/\/actibase.eu\/de\/wp-json\/wp\/v2\/types\/product"}],"version-history":[{"count":1,"href":"https:\/\/actibase.eu\/de\/wp-json\/wp\/v2\/product\/1474\/revisions"}],"predecessor-version":[{"id":1476,"href":"https:\/\/actibase.eu\/de\/wp-json\/wp\/v2\/product\/1474\/revisions\/1476"}],"wp:featuredmedia":[{"embeddable":true,"href":"https:\/\/actibase.eu\/de\/wp-json\/wp\/v2\/media\/1475"}],"wp:attachment":[{"href":"https:\/\/actibase.eu\/de\/wp-json\/wp\/v2\/media?parent=1474"}],"wp:term":[{"taxonomy":"product_cat","embeddable":true,"href":"https:\/\/actibase.eu\/de\/wp-json\/wp\/v2\/product_cat?post=1474"},{"taxonomy":"product_tag","embeddable":true,"href":"https:\/\/actibase.eu\/de\/wp-json\/wp\/v2\/product_tag?post=1474"}],"curies":[{"name":"wp","href":"https:\/\/api.w.org\/{rel}","templated":true}]}}