{"id":1130,"date":"2024-10-25T16:44:50","date_gmt":"2024-10-25T14:44:50","guid":{"rendered":"https:\/\/actibase.eu\/?post_type=product&#038;p=1130"},"modified":"2024-10-25T16:49:27","modified_gmt":"2024-10-25T14:49:27","slug":"prokaina-hci","status":"publish","type":"product","link":"https:\/\/actibase.eu\/en\/product\/prokaina-hci\/","title":{"rendered":"Prokaina HCI"},"content":{"rendered":"<p>Prokaina jest zwi\u0105zkiem chemicznym, jednym z najwa\u017cniejszych zwi\u0105zk\u00f3w tego typu we wsp\u00f3\u0142czesnej medycynie. Prokaina ma przede wszystkim dzia\u0142anie narastaj\u0105ce, zatem efekt nie nast\u0119puje tutaj od razu; ponadto utrzymuje si\u0119 on stosunkowo kr\u00f3tko, przez co lek ten nie sprawdza si\u0119 w wielu sytuacjach, cho\u0107 z kolei w licznych przypadkach jest on zdecydowanie najlepszym rozwi\u0105zaniem.<\/p>\n<p>&nbsp;<\/p>\n<p><strong>Dzia\u0142anie:<\/strong><\/p>\n<p>Prokaina blokuje powstawanie potencja\u0142u czynno\u015bciowego i przewodzenie impuls\u00f3w nerwowych poprzez hamowanie przep\u0142ywu jon\u00f3w sodowych przez napi\u0119ciozale\u017cne kana\u0142y sodowe w b\u0142onie kom\u00f3rkowej nerw\u00f3w obwodowych. Zwi\u0105zek ten zwi\u0119ksza pr\u00f3g wzbudzenia elektrycznego, zmniejsza tempo wzrostu potencja\u0142u czynno\u015bciowego i spowalnia propagacj\u0119 impulsu nerwowego, powoduj\u0105c w ten spos\u00f3b utrat\u0119 czucia. Efekt znieczulenia miejscowego jest odwracany.<span class=\"Apple-converted-space\">\u00a0<\/span><\/p>\n<p><strong>Zastosowanie<\/strong>:<\/p>\n<p>Substancj\u0119 t\u0119 stosuje si\u0119 w wielu preparatach znieczulaj\u0105cych: ma\u015bciach pierwszej pomocy, artyku\u0142ach do stosowania na oparzon\u0105 s\u0142o\u0144cem sk\u00f3r\u0119, r\u00f3\u017cnego rodzaju schorzeniach, badaniach oraz jako odczynnik chemiczny.<\/p>\n<p>Efekty w zastosowaniu tego zwi\u0105zku chemicznego s\u0105 zr\u00f3\u017cnicowane, pocz\u0105wszy od wra\u017cenia \u0142agodnego, nieokre\u015blonego uczucia a\u017c po ca\u0142kowite znieczulenie miejsca.\u00a0Niezale\u017cnie od jego zastosowania w farmakologii, medycynie czy jako preparatu pomagaj\u0105cego wr\u00f3ci\u0107 sportowcom i kulturystom do pe\u0142ni dyspozycji, prokaina wykorzystywana jest dzi\u0119ki swoim w\u0142a\u015bciwo\u015bciom jako odczynnik chemiczny.<\/p>\n<p>&nbsp;<\/p>\n<p><strong>W\u0142a\u015bciwo\u015bci<\/strong><strong>\u00a0fizyko-chemiczne Prokainy<\/strong><\/p>\n<p>Forma:\u00a0<strong>cia\u0142o sta\u0142e<\/strong><\/p>\n<p>Kolor:\u00a0<strong>Bia\u0142y krystaliczny proszek lub bezbarwne kryszta\u0142y<\/strong><\/p>\n<p>Masa molowa\u00a0<strong>236,31 g\/mol<\/strong><\/p>\n<p>Temperatura topnienia:\u00a0<strong>153 &#8211; 158\u00a0<\/strong><strong><sup>o<\/sup><\/strong><strong>C<\/strong><\/p>","protected":false},"excerpt":{"rendered":"<p>Prokaina jest zwi\u0105zkiem chemicznym, jednym z najwa\u017cniejszych zwi\u0105zk\u00f3w tego typu we wsp\u00f3\u0142czesnej medycynie. Prokaina ma przede wszystkim dzia\u0142anie narastaj\u0105ce, zatem efekt nie nast\u0119puje tutaj od razu; ponadto utrzymuje si\u0119 on<\/p>","protected":false},"featured_media":1137,"template":"","meta":[],"product_cat":[81],"product_tag":[],"class_list":{"0":"post-1130","1":"product","2":"type-product","3":"status-publish","4":"has-post-thumbnail","6":"product_cat-prokaina","8":"first","9":"instock","10":"taxable","11":"shipping-taxable","12":"purchasable","13":"product-type-variable"},"_links":{"self":[{"href":"https:\/\/actibase.eu\/en\/wp-json\/wp\/v2\/product\/1130","targetHints":{"allow":["GET"]}}],"collection":[{"href":"https:\/\/actibase.eu\/en\/wp-json\/wp\/v2\/product"}],"about":[{"href":"https:\/\/actibase.eu\/en\/wp-json\/wp\/v2\/types\/product"}],"version-history":[{"count":1,"href":"https:\/\/actibase.eu\/en\/wp-json\/wp\/v2\/product\/1130\/revisions"}],"predecessor-version":[{"id":1141,"href":"https:\/\/actibase.eu\/en\/wp-json\/wp\/v2\/product\/1130\/revisions\/1141"}],"wp:featuredmedia":[{"embeddable":true,"href":"https:\/\/actibase.eu\/en\/wp-json\/wp\/v2\/media\/1137"}],"wp:attachment":[{"href":"https:\/\/actibase.eu\/en\/wp-json\/wp\/v2\/media?parent=1130"}],"wp:term":[{"taxonomy":"product_cat","embeddable":true,"href":"https:\/\/actibase.eu\/en\/wp-json\/wp\/v2\/product_cat?post=1130"},{"taxonomy":"product_tag","embeddable":true,"href":"https:\/\/actibase.eu\/en\/wp-json\/wp\/v2\/product_tag?post=1130"}],"curies":[{"name":"wp","href":"https:\/\/api.w.org\/{rel}","templated":true}]}}