{"id":1180,"date":"2024-10-25T17:05:21","date_gmt":"2024-10-25T15:05:21","guid":{"rendered":"https:\/\/actibase.eu\/?post_type=product&#038;p=1180"},"modified":"2024-10-25T17:05:21","modified_gmt":"2024-10-25T15:05:21","slug":"kwas-maslowy-czystosc-spozywcza-999-100ml","status":"publish","type":"product","link":"https:\/\/actibase.eu\/en\/product\/kwas-maslowy-czystosc-spozywcza-999-100ml\/","title":{"rendered":"Kwas mas\u0142owy czysto\u015b\u0107 spo\u017cywcza 99,9% 100ml"},"content":{"rendered":"<p><strong>Kwas mas\u0142owy(kwas butanowy) 99,9% czysto\u015b\u0107 spo\u017cywcza.<\/strong><\/p>\n<p><strong>Numer CAS: 107-92-6<\/strong><\/p>\n<p><strong>W aptecznych butelkach pozbawiony jakichkolwiek zanieczyszcze\u0144 sta\u0142ych.<\/strong><\/p>\n<p><strong>Specyfikacja producenta: Food Grade, Halal, Kosher Minimalny test:&gt; 99%<\/strong><\/p>\n<p><strong>Wz\u00f3r cz\u0105steczkowy: C4H8O2<\/strong><\/p>\n<p><strong>Masa cz\u0105steczkowa: 88,11<\/strong><\/p>\n<p><strong>Temperatura topnienia: -8 \u00b0 C<\/strong><\/p>\n<p><strong>Temperatura wrzenia: 162-164 \u00b0 C<\/strong><\/p>\n<p><strong>Wsp\u00f3\u0142czynnik za\u0142amania \u015bwiat\u0142a: 1,3980<\/strong><\/p>\n<p><strong>\u0179r\u00f3d\u0142o: syntetyczny FDA21 CFR (182,60)<\/strong><\/p>\n<p><strong>EU Reg: 1334\/2008 i 872\/2012<\/strong><\/p>\n<p><strong>Na \u017cyczenie do\u0142\u0105czam certyfikat jako\u015bci.<\/strong><\/p>\n<p><strong>Cena dotyczy 100ml<\/strong><\/p>","protected":false},"excerpt":{"rendered":"<p>Kwas mas\u0142owy(kwas butanowy) 99,9% czysto\u015b\u0107 spo\u017cywcza. Numer CAS: 107-92-6 W aptecznych butelkach pozbawiony jakichkolwiek zanieczyszcze\u0144 sta\u0142ych. Specyfikacja producenta: Food Grade, Halal, Kosher Minimalny test:&gt; 99% Wz\u00f3r cz\u0105steczkowy: C4H8O2 Masa cz\u0105steczkowa:<\/p>","protected":false},"featured_media":1181,"template":"","meta":[],"product_cat":[88],"product_tag":[],"class_list":{"0":"post-1180","1":"product","2":"type-product","3":"status-publish","4":"has-post-thumbnail","6":"product_cat-kwasy","8":"first","9":"instock","10":"taxable","11":"shipping-taxable","12":"purchasable","13":"product-type-simple"},"_links":{"self":[{"href":"https:\/\/actibase.eu\/en\/wp-json\/wp\/v2\/product\/1180","targetHints":{"allow":["GET"]}}],"collection":[{"href":"https:\/\/actibase.eu\/en\/wp-json\/wp\/v2\/product"}],"about":[{"href":"https:\/\/actibase.eu\/en\/wp-json\/wp\/v2\/types\/product"}],"version-history":[{"count":1,"href":"https:\/\/actibase.eu\/en\/wp-json\/wp\/v2\/product\/1180\/revisions"}],"predecessor-version":[{"id":1182,"href":"https:\/\/actibase.eu\/en\/wp-json\/wp\/v2\/product\/1180\/revisions\/1182"}],"wp:featuredmedia":[{"embeddable":true,"href":"https:\/\/actibase.eu\/en\/wp-json\/wp\/v2\/media\/1181"}],"wp:attachment":[{"href":"https:\/\/actibase.eu\/en\/wp-json\/wp\/v2\/media?parent=1180"}],"wp:term":[{"taxonomy":"product_cat","embeddable":true,"href":"https:\/\/actibase.eu\/en\/wp-json\/wp\/v2\/product_cat?post=1180"},{"taxonomy":"product_tag","embeddable":true,"href":"https:\/\/actibase.eu\/en\/wp-json\/wp\/v2\/product_tag?post=1180"}],"curies":[{"name":"wp","href":"https:\/\/api.w.org\/{rel}","templated":true}]}}