{"id":1205,"date":"2024-10-25T17:19:12","date_gmt":"2024-10-25T15:19:12","guid":{"rendered":"https:\/\/actibase.eu\/?post_type=product&#038;p=1205"},"modified":"2024-10-25T17:19:48","modified_gmt":"2024-10-25T15:19:48","slug":"kwasy-siarkowy-98-czda-1l-tylko-firmy-prekursor-materialow-wybuchowych","status":"publish","type":"product","link":"https:\/\/actibase.eu\/en\/product\/kwasy-siarkowy-98-czda-1l-tylko-firmy-prekursor-materialow-wybuchowych\/","title":{"rendered":"Kwasy Siarkowy 98% czda 1l TYLKO FIRMY PREKURSOR MATERIA\u0141\u00d3W WYBUCHOWYCH"},"content":{"rendered":"<p>Kwas siarkowy o czysto\u015bci min. 97%<\/p>\n<p>CAS: 7664-93-9<\/p>\n<p>Cena dotyczy 1l.<\/p>\n<p>Z dniem 1.02.2021 obowi\u0105zywa\u0107 zacz\u0119\u0142y zaostrzone przepisy dotycz\u0105ce prekursor\u00f3w materia\u0142\u00f3w wybuchowych. Na li\u015bcie substancji podlegaj\u0105cych ograniczeniom znalaz\u0142 si\u0119 m.in.\u00a0<em>kwas siarkowy<\/em>\u00a0i\u00a0<em>azotan amonu<\/em>.<\/p>\n<p>Wprowadzono dodatkowo\u00a0<strong>konieczno\u015b\u0107 uzyskania deklaracji<\/strong>\u00a0zastosowania dla podmiot\u00f3w gospodarczych i u\u017cytkownik\u00f3w zawodowych, w celu wykluczenia zastosowania prekursora do cel\u00f3w niezwi\u0105zanych z dzia\u0142alno\u015bci\u0105 gospodarcz\u0105\/zawodow\u0105.<\/p>\n<p>Przepisy zosta\u0142y przyj\u0119te w zwi\u0105zku z zagro\u017ceniem wytwarzania przez przeci\u0119tnych u\u017cytkownik\u00f3w materia\u0142\u00f3w wybuchowych domowymi sposobami i maj\u0105 na celu organicznie mo\u017cliwo\u015bci ich posiadania oraz nabycia przez przeci\u0119tnych u\u017cytkownik\u00f3w.\u00a0<strong>Przeci\u0119tny u\u017cytkownik<\/strong>\u00a0to, wed\u0142ug rozporz\u0105dzenia, osoba fizyczna lub prawna dzia\u0142aj\u0105ca\u00a0<strong>w celach niezwi\u0105zanych z dzia\u0142alno\u015bci\u0105<\/strong>\u00a0handlow\u0105, gospodarcza lub zawodow\u0105.<\/p>\n<p>Zosta\u0142y jednak\u017ce ustanowione st\u0119\u017cenia graniczne, poni\u017cej kt\u00f3rych r\u00f3wnie\u017c przeci\u0119tny u\u017cytkownik mo\u017ce zakupi\u0107 substancj\u0119 podlegaj\u0105c\u0105 ograniczeniu.\u00a0<em>Oczekuje si\u0119 na wprowadzenie przepis\u00f3w krajowych, kt\u00f3re zezwol\u0105 przeci\u0119tnym u\u017cytkownikom na zakup prekursor\u00f3w po wcze\u015bniejszym uzyskaniu zezwolenia \u2013 dotyczy\u0107 to b\u0119dzie jednak\u017ce jedynie st\u0119\u017ce\u0144 maksymalnie okre\u015blonych w kolumnie 3 tabeli nr 1.<\/em>Zakup substancji podlegaj\u0105cym ograniczeniom mo\u017cliwy jest\u00a0<strong>jedynie do cel\u00f3w zwi\u0105zanych z dzia\u0142alno\u015bci\u0105 handlow\u0105, gospodarcz\u0105 lub zawodow\u0105<\/strong>, w tym dzia\u0142alno\u015bci\u0105 le\u015bn\u0105, sadownicz\u0105 i rolnicz\u0105 prowadzon\u0105 w niepe\u0142nym lub pe\u0142nym wymiarze czasu, niezale\u017cnie od wielko\u015bci grunt\u00f3w, na kt\u00f3rych dzia\u0142alno\u015b\u0107 jest prowadzone. Dla podmiot\u00f3w posiadaj\u0105cych\u00a0<strong>uzasadnione zapotrzebowanie<\/strong>\u00a0na dany prekursor.<\/p>\n<p>W przypadku podejrzenia, \u017ce prekursory materia\u0142\u00f3w wybuchowych wyszczeg\u00f3lnione w Tabeli nr 2 mog\u0105 zosta\u0107 wykorzystane do nielegalnego wytwarzania materia\u0142\u00f3w wybuchowych, jak r\u00f3wnie\u017c przypadki ich zagini\u0119cia oraz kradzie\u017cy zg\u0142aszane s\u0105 do krajowego punktu kontaktowego ds. prekursor\u00f3w materia\u0142\u00f3w wybuchowych.<\/p>\n<p>Zakup prekursor\u00f3w materia\u0142\u00f3w wybuchowych dla firm produkcyjnych, uczelni, instytucji oraz pozosta\u0142ych u\u017cytkownik\u00f3w zawodowych wi\u0105\u017ce si\u0119 zatem od 1 lutego z konieczno\u015bci\u0105 wype\u0142nienia dodatkowej deklaracji. W przypadku zakup\u00f3w cyklicznych mo\u017cliwe jest z\u0142o\u017cenie deklaracji rocznej, co przy\u015bpieszy realizacj\u0119 kolejnych zam\u00f3wie\u0144.<\/p>\n<p>W przypadku w\u0105tpliwo\u015bci dotycz\u0105cych zakupu prekursor\u00f3w prosimy o kontakt.<\/p>\n<p>Pe\u0142ny tekst rozporz\u0105dzenia:<br \/>\n<a href=\"https:\/\/eur-lex.europa.eu\/legal-content\/PL\/TXT\/PDF\/?uri=CELEX:32019R1148&amp;from=PL\" target=\"_blank\" rel=\"noopener noreferrer\">ROZPORZ\u0104DZENIE PARLAMENTU EUROPEJSKIEGO I RADY (UE) 2019\/1148\u00a0z dnia 20 czerwca 2019 r.<\/a><\/p>","protected":false},"excerpt":{"rendered":"<p>Kwas siarkowy o czysto\u015bci min. 97% CAS: 7664-93-9 Cena dotyczy 1l. Z dniem 1.02.2021 obowi\u0105zywa\u0107 zacz\u0119\u0142y zaostrzone przepisy dotycz\u0105ce prekursor\u00f3w materia\u0142\u00f3w wybuchowych. Na li\u015bcie substancji podlegaj\u0105cych ograniczeniom znalaz\u0142 si\u0119 m.in.\u00a0kwas<\/p>","protected":false},"featured_media":1206,"template":"","meta":[],"product_cat":[88],"product_tag":[],"class_list":{"0":"post-1205","1":"product","2":"type-product","3":"status-publish","4":"has-post-thumbnail","6":"product_cat-kwasy","8":"first","9":"instock","10":"taxable","11":"shipping-taxable","12":"purchasable","13":"product-type-simple"},"_links":{"self":[{"href":"https:\/\/actibase.eu\/en\/wp-json\/wp\/v2\/product\/1205","targetHints":{"allow":["GET"]}}],"collection":[{"href":"https:\/\/actibase.eu\/en\/wp-json\/wp\/v2\/product"}],"about":[{"href":"https:\/\/actibase.eu\/en\/wp-json\/wp\/v2\/types\/product"}],"version-history":[{"count":1,"href":"https:\/\/actibase.eu\/en\/wp-json\/wp\/v2\/product\/1205\/revisions"}],"predecessor-version":[{"id":1207,"href":"https:\/\/actibase.eu\/en\/wp-json\/wp\/v2\/product\/1205\/revisions\/1207"}],"wp:featuredmedia":[{"embeddable":true,"href":"https:\/\/actibase.eu\/en\/wp-json\/wp\/v2\/media\/1206"}],"wp:attachment":[{"href":"https:\/\/actibase.eu\/en\/wp-json\/wp\/v2\/media?parent=1205"}],"wp:term":[{"taxonomy":"product_cat","embeddable":true,"href":"https:\/\/actibase.eu\/en\/wp-json\/wp\/v2\/product_cat?post=1205"},{"taxonomy":"product_tag","embeddable":true,"href":"https:\/\/actibase.eu\/en\/wp-json\/wp\/v2\/product_tag?post=1205"}],"curies":[{"name":"wp","href":"https:\/\/api.w.org\/{rel}","templated":true}]}}