{"id":1374,"date":"2024-10-26T16:11:57","date_gmt":"2024-10-26T14:11:57","guid":{"rendered":"https:\/\/actibase.eu\/?post_type=product&#038;p=1374"},"modified":"2024-10-26T16:12:30","modified_gmt":"2024-10-26T14:12:30","slug":"olej-parafinowy-parafina-ciekla-lekka-czystosc-farmaceutyczna","status":"publish","type":"product","link":"https:\/\/actibase.eu\/en\/product\/olej-parafinowy-parafina-ciekla-lekka-czystosc-farmaceutyczna\/","title":{"rendered":"Olej Parafinowy, Parafina Ciek\u0142a lekka czysto\u015b\u0107 farmaceutyczna"},"content":{"rendered":"<div id=\"box_description\" class=\"box tab\">\n<div class=\"innerbox\">\n<div class=\"resetcss\">\n<div id=\"box_description\" class=\"box tab\">\n<div class=\"innerbox\">\n<div class=\"resetcss\">\n<div class=\"NazwaProducent\">\n<p>Parafina lekka farmaceutyczna<\/p>\n<p>Cena dotyczy 1l<\/p>\n<\/div>\n<\/div>\n<\/div>\n<\/div>\n<\/div>\n<\/div>\n<\/div>","protected":false},"excerpt":{"rendered":"<p>Parafina lekka farmaceutyczna Cena dotyczy 1l<\/p>","protected":false},"featured_media":1375,"template":"","meta":[],"product_cat":[68],"product_tag":[],"class_list":{"0":"post-1374","1":"product","2":"type-product","3":"status-publish","4":"has-post-thumbnail","6":"product_cat-odczynniki-chemiczne","8":"first","9":"instock","10":"taxable","11":"shipping-taxable","12":"purchasable","13":"product-type-simple"},"_links":{"self":[{"href":"https:\/\/actibase.eu\/en\/wp-json\/wp\/v2\/product\/1374","targetHints":{"allow":["GET"]}}],"collection":[{"href":"https:\/\/actibase.eu\/en\/wp-json\/wp\/v2\/product"}],"about":[{"href":"https:\/\/actibase.eu\/en\/wp-json\/wp\/v2\/types\/product"}],"version-history":[{"count":1,"href":"https:\/\/actibase.eu\/en\/wp-json\/wp\/v2\/product\/1374\/revisions"}],"predecessor-version":[{"id":1376,"href":"https:\/\/actibase.eu\/en\/wp-json\/wp\/v2\/product\/1374\/revisions\/1376"}],"wp:featuredmedia":[{"embeddable":true,"href":"https:\/\/actibase.eu\/en\/wp-json\/wp\/v2\/media\/1375"}],"wp:attachment":[{"href":"https:\/\/actibase.eu\/en\/wp-json\/wp\/v2\/media?parent=1374"}],"wp:term":[{"taxonomy":"product_cat","embeddable":true,"href":"https:\/\/actibase.eu\/en\/wp-json\/wp\/v2\/product_cat?post=1374"},{"taxonomy":"product_tag","embeddable":true,"href":"https:\/\/actibase.eu\/en\/wp-json\/wp\/v2\/product_tag?post=1374"}],"curies":[{"name":"wp","href":"https:\/\/api.w.org\/{rel}","templated":true}]}}