{"id":1377,"date":"2024-10-26T16:12:48","date_gmt":"2024-10-26T14:12:48","guid":{"rendered":"https:\/\/actibase.eu\/?post_type=product&#038;p=1377"},"modified":"2024-10-26T16:13:14","modified_gmt":"2024-10-26T14:13:14","slug":"rteci-ii-chlorek-cz-1kg","status":"publish","type":"product","link":"https:\/\/actibase.eu\/en\/product\/rteci-ii-chlorek-cz-1kg\/","title":{"rendered":"Rt\u0119ci (II) chlorek cz 1kg"},"content":{"rendered":"<div id=\"box_description\" class=\"box tab\">\n<div class=\"innerbox\">\n<div class=\"resetcss\">\n<div id=\"box_description\" class=\"box tab\">\n<div class=\"innerbox\">\n<div class=\"resetcss\">\n<div class=\"NazwaProducent\">\n<p>Wz\u00f3r: HgCl2<\/p>\n<p>CAS: 7487-94-7<\/p>\n<p>Masa molowa: 271,52 g\/mol<\/p>\n<p>G\u0119sto\u015b\u0107: 5,43 g\/cm\u00b3<\/p>\n<p>Cena dotyczy 1kg<\/p>\n<p>&nbsp;<\/p>\n<p>Wymaga wype\u0142nienia deklaracji zastosowania.<\/p>\n<\/div>\n<\/div>\n<\/div>\n<\/div>\n<\/div>\n<\/div>\n<\/div>","protected":false},"excerpt":{"rendered":"<p>Wz\u00f3r: HgCl2 CAS: 7487-94-7 Masa molowa: 271,52 g\/mol G\u0119sto\u015b\u0107: 5,43 g\/cm\u00b3 Cena dotyczy 1kg \u00a0 Wymaga wype\u0142nienia deklaracji zastosowania.<\/p>","protected":false},"featured_media":1378,"template":"","meta":[],"product_cat":[68],"product_tag":[],"class_list":{"0":"post-1377","1":"product","2":"type-product","3":"status-publish","4":"has-post-thumbnail","6":"product_cat-odczynniki-chemiczne","8":"first","9":"instock","10":"taxable","11":"shipping-taxable","12":"purchasable","13":"product-type-simple"},"_links":{"self":[{"href":"https:\/\/actibase.eu\/en\/wp-json\/wp\/v2\/product\/1377","targetHints":{"allow":["GET"]}}],"collection":[{"href":"https:\/\/actibase.eu\/en\/wp-json\/wp\/v2\/product"}],"about":[{"href":"https:\/\/actibase.eu\/en\/wp-json\/wp\/v2\/types\/product"}],"version-history":[{"count":1,"href":"https:\/\/actibase.eu\/en\/wp-json\/wp\/v2\/product\/1377\/revisions"}],"predecessor-version":[{"id":1379,"href":"https:\/\/actibase.eu\/en\/wp-json\/wp\/v2\/product\/1377\/revisions\/1379"}],"wp:featuredmedia":[{"embeddable":true,"href":"https:\/\/actibase.eu\/en\/wp-json\/wp\/v2\/media\/1378"}],"wp:attachment":[{"href":"https:\/\/actibase.eu\/en\/wp-json\/wp\/v2\/media?parent=1377"}],"wp:term":[{"taxonomy":"product_cat","embeddable":true,"href":"https:\/\/actibase.eu\/en\/wp-json\/wp\/v2\/product_cat?post=1377"},{"taxonomy":"product_tag","embeddable":true,"href":"https:\/\/actibase.eu\/en\/wp-json\/wp\/v2\/product_tag?post=1377"}],"curies":[{"name":"wp","href":"https:\/\/api.w.org\/{rel}","templated":true}]}}