{"id":1380,"date":"2024-10-26T16:13:27","date_gmt":"2024-10-26T14:13:27","guid":{"rendered":"https:\/\/actibase.eu\/?post_type=product&#038;p=1380"},"modified":"2024-10-26T16:14:09","modified_gmt":"2024-10-26T14:14:09","slug":"salicylan-metylu-999-cz-1l","status":"publish","type":"product","link":"https:\/\/actibase.eu\/en\/product\/salicylan-metylu-999-cz-1l\/","title":{"rendered":"Salicylan metylu 99,9% cz. 1L"},"content":{"rendered":"<div id=\"box_description\" class=\"box tab\">\n<div class=\"innerbox\">\n<div class=\"resetcss\">\n<div id=\"box_description\" class=\"box tab\">\n<div class=\"innerbox\">\n<div class=\"resetcss\">\n<div class=\"NazwaProducent\">\n<p>Salicylan Metylu 99,9% czysto\u015b\u0107 spo\u017cywcza<\/p>\n<p>Numer CAS 119-36-8<\/p>\n<p>Wygl\u0105d bezbarwna do \u017c\u00f3\u0142tej, oleista ciecz o charakterystycznym zapachu<\/p>\n<p>Zwi\u0105zek znalaz\u0142 zastosowanie w lecznictwie. Stosowany miejscowo na nieuszkodzon\u0105 sk\u00f3r\u0119 jako lek przeciwb\u00f3lowy, przeciwzapalny i rozgrzewaj\u0105cy. U\u017cywany r\u00f3wnie\u017c jako p\u00f3\u0142produkt w r\u00f3\u017cnych syntezach chemicznych.<\/p>\n<p>Cena dotyczy 1L<\/p>\n<\/div>\n<\/div>\n<\/div>\n<\/div>\n<\/div>\n<\/div>\n<\/div>","protected":false},"excerpt":{"rendered":"<p>Salicylan Metylu 99,9% czysto\u015b\u0107 spo\u017cywcza Numer CAS 119-36-8 Wygl\u0105d bezbarwna do \u017c\u00f3\u0142tej, oleista ciecz o charakterystycznym zapachu Zwi\u0105zek znalaz\u0142 zastosowanie w lecznictwie. Stosowany miejscowo na nieuszkodzon\u0105 sk\u00f3r\u0119 jako lek przeciwb\u00f3lowy,<\/p>","protected":false},"featured_media":1381,"template":"","meta":[],"product_cat":[68],"product_tag":[],"class_list":{"0":"post-1380","1":"product","2":"type-product","3":"status-publish","4":"has-post-thumbnail","6":"product_cat-odczynniki-chemiczne","8":"first","9":"instock","10":"taxable","11":"shipping-taxable","12":"purchasable","13":"product-type-simple"},"_links":{"self":[{"href":"https:\/\/actibase.eu\/en\/wp-json\/wp\/v2\/product\/1380","targetHints":{"allow":["GET"]}}],"collection":[{"href":"https:\/\/actibase.eu\/en\/wp-json\/wp\/v2\/product"}],"about":[{"href":"https:\/\/actibase.eu\/en\/wp-json\/wp\/v2\/types\/product"}],"version-history":[{"count":1,"href":"https:\/\/actibase.eu\/en\/wp-json\/wp\/v2\/product\/1380\/revisions"}],"predecessor-version":[{"id":1382,"href":"https:\/\/actibase.eu\/en\/wp-json\/wp\/v2\/product\/1380\/revisions\/1382"}],"wp:featuredmedia":[{"embeddable":true,"href":"https:\/\/actibase.eu\/en\/wp-json\/wp\/v2\/media\/1381"}],"wp:attachment":[{"href":"https:\/\/actibase.eu\/en\/wp-json\/wp\/v2\/media?parent=1380"}],"wp:term":[{"taxonomy":"product_cat","embeddable":true,"href":"https:\/\/actibase.eu\/en\/wp-json\/wp\/v2\/product_cat?post=1380"},{"taxonomy":"product_tag","embeddable":true,"href":"https:\/\/actibase.eu\/en\/wp-json\/wp\/v2\/product_tag?post=1380"}],"curies":[{"name":"wp","href":"https:\/\/api.w.org\/{rel}","templated":true}]}}