{"id":1386,"date":"2024-10-26T16:15:06","date_gmt":"2024-10-26T14:15:06","guid":{"rendered":"https:\/\/actibase.eu\/?post_type=product&#038;p=1386"},"modified":"2024-10-26T16:15:27","modified_gmt":"2024-10-26T14:15:27","slug":"siarczan-magnezu-bezwodny-min-98-do-osuszania","status":"publish","type":"product","link":"https:\/\/actibase.eu\/en\/product\/siarczan-magnezu-bezwodny-min-98-do-osuszania\/","title":{"rendered":"Siarczan magnezu bezwodny min.98% do osuszania !"},"content":{"rendered":"<div id=\"box_description\" class=\"box tab\">\n<div class=\"innerbox\">\n<div class=\"resetcss\">\n<div id=\"box_description\" class=\"box tab\">\n<div class=\"innerbox\">\n<div class=\"resetcss\">\n<div class=\"NazwaProducent\">\n<p>Siarczan magnezu bezwodny min.98% do osuszania<\/p>\n<p>Wygl\u0105d: Bia\u0142y bezwonny proszek<\/p>\n<p>Opakowanie: Pojemnik PP<\/p>\n<p>Cena dotyczy 1kg(wi\u0119ksze ilo\u015bci do sporej negocjacji)<\/p>\n<\/div>\n<\/div>\n<\/div>\n<\/div>\n<\/div>\n<\/div>\n<\/div>","protected":false},"excerpt":{"rendered":"<p>Siarczan magnezu bezwodny min.98% do osuszania Wygl\u0105d: Bia\u0142y bezwonny proszek Opakowanie: Pojemnik PP Cena dotyczy 1kg(wi\u0119ksze ilo\u015bci do sporej negocjacji)<\/p>","protected":false},"featured_media":1387,"template":"","meta":[],"product_cat":[68],"product_tag":[],"class_list":{"0":"post-1386","1":"product","2":"type-product","3":"status-publish","4":"has-post-thumbnail","6":"product_cat-odczynniki-chemiczne","8":"first","9":"instock","10":"taxable","11":"shipping-taxable","12":"purchasable","13":"product-type-simple"},"_links":{"self":[{"href":"https:\/\/actibase.eu\/en\/wp-json\/wp\/v2\/product\/1386","targetHints":{"allow":["GET"]}}],"collection":[{"href":"https:\/\/actibase.eu\/en\/wp-json\/wp\/v2\/product"}],"about":[{"href":"https:\/\/actibase.eu\/en\/wp-json\/wp\/v2\/types\/product"}],"version-history":[{"count":1,"href":"https:\/\/actibase.eu\/en\/wp-json\/wp\/v2\/product\/1386\/revisions"}],"predecessor-version":[{"id":1388,"href":"https:\/\/actibase.eu\/en\/wp-json\/wp\/v2\/product\/1386\/revisions\/1388"}],"wp:featuredmedia":[{"embeddable":true,"href":"https:\/\/actibase.eu\/en\/wp-json\/wp\/v2\/media\/1387"}],"wp:attachment":[{"href":"https:\/\/actibase.eu\/en\/wp-json\/wp\/v2\/media?parent=1386"}],"wp:term":[{"taxonomy":"product_cat","embeddable":true,"href":"https:\/\/actibase.eu\/en\/wp-json\/wp\/v2\/product_cat?post=1386"},{"taxonomy":"product_tag","embeddable":true,"href":"https:\/\/actibase.eu\/en\/wp-json\/wp\/v2\/product_tag?post=1386"}],"curies":[{"name":"wp","href":"https:\/\/api.w.org\/{rel}","templated":true}]}}