{"id":1424,"date":"2024-10-26T16:27:07","date_gmt":"2024-10-26T14:27:07","guid":{"rendered":"https:\/\/actibase.eu\/?post_type=product&#038;p=1424"},"modified":"2024-10-26T16:27:33","modified_gmt":"2024-10-26T14:27:33","slug":"benzaldehyd-aldehyd-benzoesowy-9995","status":"publish","type":"product","link":"https:\/\/actibase.eu\/en\/product\/benzaldehyd-aldehyd-benzoesowy-9995\/","title":{"rendered":"Benzaldehyd, Aldehyd Benzoesowy 99,95%"},"content":{"rendered":"<div id=\"box_description\" class=\"box tab\">\n<div class=\"innerbox\">\n<div class=\"resetcss\">\n<div id=\"box_description\" class=\"box tab\">\n<div class=\"innerbox\">\n<div class=\"resetcss\">\n<div class=\"NazwaProducent\">\n<div id=\"box_description\" class=\"box tab\">\n<div class=\"innerbox\">\n<div class=\"resetcss\">\n<div class=\"NazwaProducent\">\n<div class=\"NazwaProducent\">\n<div class=\"NazwaProducent\">\n<p>Benzaldehyd to bezbarwna ciecz ma charakterystyczny, przyjemny zapach migda\u0142owy.<\/p>\n<p>Wykorzystywany jest w pszczelarstwie, produkcji perfum i \u015brodk\u00f3w aromatyzuj\u0105cych.<\/p>\n<p>CAS:100-52-7<\/p>\n<p><strong>Specyfikacja:<\/strong><\/p>\n<p>Minimalny wynik testu: 99,50%<\/p>\n<p>Wz\u00f3r cz\u0105steczkowy: C7H6O<\/p>\n<p>Masa cz\u0105steczkowa: 106,12<\/p>\n<p>Zapach: Migda\u0142y migda\u0142y<\/p>\n<p>Temperatura topnienia: -26 \u00b0 C<\/p>\n<p>Kwasowo\u015b\u0107 (kwas benzoesowy)<\/p>\n<p>Cena dotyczy 1l.<\/p>\n<\/div>\n<\/div>\n<\/div>\n<\/div>\n<\/div>\n<\/div>\n<\/div>\n<\/div>\n<\/div>\n<\/div>\n<\/div>\n<\/div>\n<\/div>","protected":false},"excerpt":{"rendered":"<p>Benzaldehyd to bezbarwna ciecz ma charakterystyczny, przyjemny zapach migda\u0142owy. Wykorzystywany jest w pszczelarstwie, produkcji perfum i \u015brodk\u00f3w aromatyzuj\u0105cych. CAS:100-52-7 Specyfikacja: Minimalny wynik testu: 99,50% Wz\u00f3r cz\u0105steczkowy: C7H6O Masa cz\u0105steczkowa: 106,12<\/p>","protected":false},"featured_media":1425,"template":"","meta":[],"product_cat":[91],"product_tag":[],"class_list":{"0":"post-1424","1":"product","2":"type-product","3":"status-publish","4":"has-post-thumbnail","6":"product_cat-benzaldehydy","8":"first","9":"instock","10":"taxable","11":"shipping-taxable","12":"purchasable","13":"product-type-simple"},"_links":{"self":[{"href":"https:\/\/actibase.eu\/en\/wp-json\/wp\/v2\/product\/1424","targetHints":{"allow":["GET"]}}],"collection":[{"href":"https:\/\/actibase.eu\/en\/wp-json\/wp\/v2\/product"}],"about":[{"href":"https:\/\/actibase.eu\/en\/wp-json\/wp\/v2\/types\/product"}],"version-history":[{"count":1,"href":"https:\/\/actibase.eu\/en\/wp-json\/wp\/v2\/product\/1424\/revisions"}],"predecessor-version":[{"id":1426,"href":"https:\/\/actibase.eu\/en\/wp-json\/wp\/v2\/product\/1424\/revisions\/1426"}],"wp:featuredmedia":[{"embeddable":true,"href":"https:\/\/actibase.eu\/en\/wp-json\/wp\/v2\/media\/1425"}],"wp:attachment":[{"href":"https:\/\/actibase.eu\/en\/wp-json\/wp\/v2\/media?parent=1424"}],"wp:term":[{"taxonomy":"product_cat","embeddable":true,"href":"https:\/\/actibase.eu\/en\/wp-json\/wp\/v2\/product_cat?post=1424"},{"taxonomy":"product_tag","embeddable":true,"href":"https:\/\/actibase.eu\/en\/wp-json\/wp\/v2\/product_tag?post=1424"}],"curies":[{"name":"wp","href":"https:\/\/api.w.org\/{rel}","templated":true}]}}