{"id":1477,"date":"2024-10-26T16:55:44","date_gmt":"2024-10-26T14:55:44","guid":{"rendered":"https:\/\/actibase.eu\/?post_type=product&#038;p=1477"},"modified":"2024-10-26T16:56:17","modified_gmt":"2024-10-26T14:56:17","slug":"metaliczny-sod-995-kawalki-1kg","status":"publish","type":"product","link":"https:\/\/actibase.eu\/en\/product\/metaliczny-sod-995-kawalki-1kg\/","title":{"rendered":"Metaliczny S\u00f3d 99,5% kawa\u0142ki 1kg"},"content":{"rendered":"<p>Metaliczny s\u00f3d jest srebrzystym, mi\u0119kkim, kowalnym metalem<\/p>\n<p>W formie\u00a01kg kawa\u0142k\u00f3w zatopionych w parafinie.<\/p>\n<p>Trzyma\u0107 z daleka od wody gdy\u017c mo\u017ce doj\u015b\u0107 do wybuchu<\/p>\n<p>Na wolnym powietrzu pokrywa si\u0119 szarawym nalotem tlenku sodu<\/p>\n<p>W czystej postaci jest stosowany jako bardzo skuteczny \u015brodek susz\u0105cy rozpuszczalniki organiczne oraz jako substrat wielu reakcji chemicznych m.in. kondensacji Wurtza.<\/p>\n<p>CAS: 7440-23-5<\/p>\n<p>Cena dotyczy 1Kg<\/p>","protected":false},"excerpt":{"rendered":"<p>Metaliczny s\u00f3d jest srebrzystym, mi\u0119kkim, kowalnym metalem W formie\u00a01kg kawa\u0142k\u00f3w zatopionych w parafinie. Trzyma\u0107 z daleka od wody gdy\u017c mo\u017ce doj\u015b\u0107 do wybuchu Na wolnym powietrzu pokrywa si\u0119 szarawym nalotem<\/p>","protected":false},"featured_media":1478,"template":"","meta":[],"product_cat":[95],"product_tag":[],"class_list":{"0":"post-1477","1":"product","2":"type-product","3":"status-publish","4":"has-post-thumbnail","6":"product_cat-metale","8":"first","9":"instock","10":"taxable","11":"shipping-taxable","12":"purchasable","13":"product-type-simple"},"_links":{"self":[{"href":"https:\/\/actibase.eu\/en\/wp-json\/wp\/v2\/product\/1477","targetHints":{"allow":["GET"]}}],"collection":[{"href":"https:\/\/actibase.eu\/en\/wp-json\/wp\/v2\/product"}],"about":[{"href":"https:\/\/actibase.eu\/en\/wp-json\/wp\/v2\/types\/product"}],"version-history":[{"count":1,"href":"https:\/\/actibase.eu\/en\/wp-json\/wp\/v2\/product\/1477\/revisions"}],"predecessor-version":[{"id":1481,"href":"https:\/\/actibase.eu\/en\/wp-json\/wp\/v2\/product\/1477\/revisions\/1481"}],"wp:featuredmedia":[{"embeddable":true,"href":"https:\/\/actibase.eu\/en\/wp-json\/wp\/v2\/media\/1478"}],"wp:attachment":[{"href":"https:\/\/actibase.eu\/en\/wp-json\/wp\/v2\/media?parent=1477"}],"wp:term":[{"taxonomy":"product_cat","embeddable":true,"href":"https:\/\/actibase.eu\/en\/wp-json\/wp\/v2\/product_cat?post=1477"},{"taxonomy":"product_tag","embeddable":true,"href":"https:\/\/actibase.eu\/en\/wp-json\/wp\/v2\/product_tag?post=1477"}],"curies":[{"name":"wp","href":"https:\/\/api.w.org\/{rel}","templated":true}]}}