{"id":1546,"date":"2024-10-26T17:41:02","date_gmt":"2024-10-26T15:41:02","guid":{"rendered":"https:\/\/actibase.eu\/?post_type=product&#038;p=1546"},"modified":"2024-10-26T17:41:19","modified_gmt":"2024-10-26T15:41:19","slug":"chlorek-tionylu-997-tionyl-chloride-1l","status":"publish","type":"product","link":"https:\/\/actibase.eu\/en\/product\/chlorek-tionylu-997-tionyl-chloride-1l\/","title":{"rendered":"Chlorek Tionylu 99,7% (Tionyl Chloride) 1L"},"content":{"rendered":"<div class=\"NazwaProducent\">\n<p id=\"user_NrKatalogowy\" class=\"TbPoz\">Chlorek Tionylu 99,7%<\/p>\n<p class=\"TbPoz\">Numer CAS:\u00a07719-09-7<\/p>\n<p class=\"TbPoz\">Wz\u00f3r sumaryczny:\u00a0Cl2OS<\/p>\n<p class=\"TbPoz\">Masa cz\u0105steczkowa:\u00a0118.97<\/p>\n<p class=\"TbPoz\">Cena dotyczy 1L<\/p>\n<p class=\"TbPoz\">Zawiera substancj\u0119 umieszczon\u0105 w Wykazie produkt\u00f3w podw\u00f3jnego zastosowania zamieszczonym w Rozporz\u0105dzeniu Rady (WE) Nr 428\/2009 z dnia 05.05.2009r., kt\u00f3re mog\u0105 by\u0107 u\u017cywane jako p\u00f3\u0142produkt w produkcji broni chemicznej. W zwi\u0105zku z powy\u017cszym, Kupuj\u0105cy zobowi\u0105zany jest do wype\u0142nienia deklaracji podw\u00f3jnego zastosowania.<\/p>\n<p class=\"TbPoz\">\n<\/div>","protected":false},"excerpt":{"rendered":"<p>Chlorek Tionylu 99,7% Numer CAS:\u00a07719-09-7 Wz\u00f3r sumaryczny:\u00a0Cl2OS Masa cz\u0105steczkowa:\u00a0118.97 Cena dotyczy 1L Zawiera substancj\u0119 umieszczon\u0105 w Wykazie produkt\u00f3w podw\u00f3jnego zastosowania zamieszczonym w Rozporz\u0105dzeniu Rady (WE) Nr 428\/2009 z dnia 05.05.2009r.,<\/p>","protected":false},"featured_media":1547,"template":"","meta":[],"product_cat":[98],"product_tag":[],"class_list":{"0":"post-1546","1":"product","2":"type-product","3":"status-publish","4":"has-post-thumbnail","6":"product_cat-chlorki","8":"first","9":"instock","10":"taxable","11":"shipping-taxable","12":"purchasable","13":"product-type-simple"},"_links":{"self":[{"href":"https:\/\/actibase.eu\/en\/wp-json\/wp\/v2\/product\/1546","targetHints":{"allow":["GET"]}}],"collection":[{"href":"https:\/\/actibase.eu\/en\/wp-json\/wp\/v2\/product"}],"about":[{"href":"https:\/\/actibase.eu\/en\/wp-json\/wp\/v2\/types\/product"}],"version-history":[{"count":1,"href":"https:\/\/actibase.eu\/en\/wp-json\/wp\/v2\/product\/1546\/revisions"}],"predecessor-version":[{"id":1548,"href":"https:\/\/actibase.eu\/en\/wp-json\/wp\/v2\/product\/1546\/revisions\/1548"}],"wp:featuredmedia":[{"embeddable":true,"href":"https:\/\/actibase.eu\/en\/wp-json\/wp\/v2\/media\/1547"}],"wp:attachment":[{"href":"https:\/\/actibase.eu\/en\/wp-json\/wp\/v2\/media?parent=1546"}],"wp:term":[{"taxonomy":"product_cat","embeddable":true,"href":"https:\/\/actibase.eu\/en\/wp-json\/wp\/v2\/product_cat?post=1546"},{"taxonomy":"product_tag","embeddable":true,"href":"https:\/\/actibase.eu\/en\/wp-json\/wp\/v2\/product_tag?post=1546"}],"curies":[{"name":"wp","href":"https:\/\/api.w.org\/{rel}","templated":true}]}}