{"id":116,"date":"2023-02-17T11:16:46","date_gmt":"2023-02-17T11:16:46","guid":{"rendered":"https:\/\/alukas.presslayouts.com\/dummy\/?page_id=116"},"modified":"2024-11-20T12:44:19","modified_gmt":"2024-11-20T11:44:19","slug":"about-me","status":"publish","type":"page","link":"https:\/\/actibase.eu\/fr\/about-me\/","title":{"rendered":"About Me"},"content":{"rendered":"<div data-elementor-type=\"wp-page\" data-elementor-id=\"116\" class=\"elementor elementor-116\" data-elementor-post-type=\"page\">\n\t\t\t\t\t\t<section class=\"elementor-section elementor-top-section elementor-element elementor-element-32cf418 elementor-section-full_width elementor-section-height-default elementor-section-height-default\" data-id=\"32cf418\" data-element_type=\"section\">\n\t\t\t\t\t\t<div class=\"elementor-container elementor-column-gap-no\">\n\t\t\t\t\t<div class=\"elementor-column elementor-col-50 elementor-top-column elementor-element elementor-element-9b74e33\" data-id=\"9b74e33\" data-element_type=\"column\">\n\t\t\t<div class=\"elementor-widget-wrap elementor-element-populated\">\n\t\t\t\t\t\t<div class=\"elementor-element elementor-element-b6c9a5a elementor-widget elementor-widget-image\" data-id=\"b6c9a5a\" data-element_type=\"widget\" data-widget_type=\"image.default\">\n\t\t\t\t<div class=\"elementor-widget-container\">\n\t\t\t\t\t\t\t\t\t\t\t\t\t<img fetchpriority=\"high\" decoding=\"async\" width=\"600\" height=\"600\" src=\"https:\/\/actibase.eu\/wp-content\/uploads\/2024\/11\/depositphotos_3231700-stock-photo-chemical-flasks-with-reagents.webp\" class=\"attachment-full size-full wp-image-1695\" alt=\"\" srcset=\"https:\/\/actibase.eu\/wp-content\/uploads\/2024\/11\/depositphotos_3231700-stock-photo-chemical-flasks-with-reagents.webp 600w, https:\/\/actibase.eu\/wp-content\/uploads\/2024\/11\/depositphotos_3231700-stock-photo-chemical-flasks-with-reagents-360x360.webp 360w, https:\/\/actibase.eu\/wp-content\/uploads\/2024\/11\/depositphotos_3231700-stock-photo-chemical-flasks-with-reagents-576x576.webp 576w, https:\/\/actibase.eu\/wp-content\/uploads\/2024\/11\/depositphotos_3231700-stock-photo-chemical-flasks-with-reagents-150x150.webp 150w, https:\/\/actibase.eu\/wp-content\/uploads\/2024\/11\/depositphotos_3231700-stock-photo-chemical-flasks-with-reagents-12x12.webp 12w, https:\/\/actibase.eu\/wp-content\/uploads\/2024\/11\/depositphotos_3231700-stock-photo-chemical-flasks-with-reagents-325x325.webp 325w\" sizes=\"(max-width: 600px) 100vw, 600px\" \/>\t\t\t\t\t\t\t\t\t\t\t\t\t<\/div>\n\t\t\t\t<\/div>\n\t\t\t\t\t<\/div>\n\t\t<\/div>\n\t\t\t\t<div class=\"elementor-column elementor-col-50 elementor-top-column elementor-element elementor-element-cce5964\" data-id=\"cce5964\" data-element_type=\"column\">\n\t\t\t<div class=\"elementor-widget-wrap elementor-element-populated\">\n\t\t\t\t\t\t<div class=\"elementor-element elementor-element-76a74be elementor-widget elementor-widget-text-editor\" data-id=\"76a74be\" data-element_type=\"widget\" data-widget_type=\"text-editor.default\">\n\t\t\t\t<div class=\"elementor-widget-container\">\n\t\t\t\t\t\t\t<p>\u00c0 PROPOS DE NOUS<\/p>\t\t\t\t\t\t<\/div>\n\t\t\t\t<\/div>\n\t\t\t\t<div class=\"elementor-element elementor-element-3f688f9 elementor-widget elementor-widget-text-editor\" data-id=\"3f688f9\" data-element_type=\"widget\" data-widget_type=\"text-editor.default\">\n\t\t\t\t<div class=\"elementor-widget-container\">\n\t\t\t\t\t\t\t<p>Nous sommes de v\u00e9ritables leaders dans leur secteur, d&#039;offrir \u00e0 nos clients des produits de haute qualit\u00e9, r\u00e9pondant \u00e0 tous les standards et normes. NOTRE BOUTIQUE en ligne est l&#039;endroit o\u00f9 la passion de la chimie et de la technologie rencontre avec le professionnalisme et l&#039;attention au d\u00e9tail. Nous nous sp\u00e9cialisons dans la vente de produits chimiques, de la caf\u00e9ine, des produits pharmaceutiques de solvants et d&#039;autres produits n\u00e9cessaires, qui sont essentiels \u00e0 la fois en laboratoire et dans diff\u00e9rents secteurs de l&#039;industrie.<\/p><p>Gr\u00e2ce \u00e0 la collaboration avec les meilleurs fabricants et fournisseurs, nous vous proposons exclusivement des, s\u00fbr et de qualit\u00e9 du produit. Chacun de nos produits sont soigneusement s\u00e9lectionn\u00e9s pour assurer \u00e0 nos clients une satisfaction compl\u00e8te et de fiabilit\u00e9. Dans notre magasin en ligne, l&#039;achat se fait rapidement, facilement et en toute s\u00e9curit\u00e9, et notre \u00e9quipe de soutien est toujours pr\u00eat \u00e0 r\u00e9pondre \u00e0 toutes vos questions et vous aider \u00e0 choisir les bons produits.<\/p><p>Notre soci\u00e9t\u00e9 est un gage de fiabilit\u00e9 et d&#039;innovation, nous fournissons des produits qui prennent en charge la science, de l&#039;industrie et de la recherche \u00e0 chaque \u00e9tape. Gr\u00e2ce \u00e0 notre longue exp\u00e9rience, nous pouvons offrir des produits avec d&#039;excellentes caract\u00e9ristiques qui sont \u00e0 la base effective et efficace des activit\u00e9s en laboratoire et sur le march\u00e9 pharmaceutique.<\/p>\t\t\t\t\t\t<\/div>\n\t\t\t\t<\/div>\n\t\t\t\t\t<\/div>\n\t\t<\/div>\n\t\t\t\t\t<\/div>\n\t\t<\/section>\n\t\t\t\t<\/div>","protected":false},"excerpt":{"rendered":"<p>O NAS Jeste\u015bmy prawdziwymi liderami w swojej bran\u017cy, oferuj\u0105c naszym klientom najwy\u017cszej jako\u015bci produkty, kt\u00f3re spe\u0142niaj\u0105 wszystkie normy i standardy. Nasz sklep internetowy to miejsce, gdzie pasja do chemii i<\/p>","protected":false},"author":1,"featured_media":0,"parent":0,"menu_order":0,"comment_status":"closed","ping_status":"closed","template":"","meta":{"footnotes":""},"class_list":["post-116","page","type-page","status-publish","hentry"],"_links":{"self":[{"href":"https:\/\/actibase.eu\/fr\/wp-json\/wp\/v2\/pages\/116","targetHints":{"allow":["GET"]}}],"collection":[{"href":"https:\/\/actibase.eu\/fr\/wp-json\/wp\/v2\/pages"}],"about":[{"href":"https:\/\/actibase.eu\/fr\/wp-json\/wp\/v2\/types\/page"}],"author":[{"embeddable":true,"href":"https:\/\/actibase.eu\/fr\/wp-json\/wp\/v2\/users\/1"}],"replies":[{"embeddable":true,"href":"https:\/\/actibase.eu\/fr\/wp-json\/wp\/v2\/comments?post=116"}],"version-history":[{"count":6,"href":"https:\/\/actibase.eu\/fr\/wp-json\/wp\/v2\/pages\/116\/revisions"}],"predecessor-version":[{"id":1701,"href":"https:\/\/actibase.eu\/fr\/wp-json\/wp\/v2\/pages\/116\/revisions\/1701"}],"wp:attachment":[{"href":"https:\/\/actibase.eu\/fr\/wp-json\/wp\/v2\/media?parent=116"}],"curies":[{"name":"wp","href":"https:\/\/api.w.org\/{rel}","templated":true}]}}