{"id":1211,"date":"2024-10-25T17:26:49","date_gmt":"2024-10-25T15:26:49","guid":{"rendered":"https:\/\/actibase.eu\/?post_type=product&#038;p=1211"},"modified":"2024-10-25T17:28:24","modified_gmt":"2024-10-25T15:28:24","slug":"14-butandiol-butanediol-999-1l","status":"publish","type":"product","link":"https:\/\/actibase.eu\/fr\/product\/14-butandiol-butanediol-999-1l\/","title":{"rendered":"1,4-butandiol, butanediol 99,9% 1L"},"content":{"rendered":"<p><strong>\u0411\u0443\u0442\u0430\u043d\u0434\u0438\u043e\u043b 99,9% pur!<\/strong><\/p>\n<p>Formule: C4H10O2<\/p>\n<p>Densit\u00e9: 1,02 g \/ cm3<\/p>\n<p>Aspect: incolore, adh\u00e9sif liquide<\/p>\n<p>Nombre De Cas: 110-63-4<\/p>\n<p>Conditionnement: flacon en PEHD<\/p>\n<p>Le prix est pour 1 litre<\/p>","protected":false},"excerpt":{"rendered":"<p>Butanediol 99,9% czysty! Wz\u00f3r: C4H10O2 G\u0119sto\u015b\u0107: 1,02 g\/cm\u00b3 Wygl\u0105d: bezbarwna kleista ciecz Numer Cas: 110-63-4 Opakowanie: Butelki HDPE Cena dotyczy 1l<\/p>","protected":false},"featured_media":1213,"template":"","meta":[],"product_cat":[89],"product_tag":[],"class_list":{"0":"post-1211","1":"product","2":"type-product","3":"status-publish","4":"has-post-thumbnail","6":"product_cat-rozpuszczalniki","8":"first","9":"instock","10":"taxable","11":"shipping-taxable","12":"purchasable","13":"product-type-simple"},"_links":{"self":[{"href":"https:\/\/actibase.eu\/fr\/wp-json\/wp\/v2\/product\/1211","targetHints":{"allow":["GET"]}}],"collection":[{"href":"https:\/\/actibase.eu\/fr\/wp-json\/wp\/v2\/product"}],"about":[{"href":"https:\/\/actibase.eu\/fr\/wp-json\/wp\/v2\/types\/product"}],"version-history":[{"count":2,"href":"https:\/\/actibase.eu\/fr\/wp-json\/wp\/v2\/product\/1211\/revisions"}],"predecessor-version":[{"id":1215,"href":"https:\/\/actibase.eu\/fr\/wp-json\/wp\/v2\/product\/1211\/revisions\/1215"}],"wp:featuredmedia":[{"embeddable":true,"href":"https:\/\/actibase.eu\/fr\/wp-json\/wp\/v2\/media\/1213"}],"wp:attachment":[{"href":"https:\/\/actibase.eu\/fr\/wp-json\/wp\/v2\/media?parent=1211"}],"wp:term":[{"taxonomy":"product_cat","embeddable":true,"href":"https:\/\/actibase.eu\/fr\/wp-json\/wp\/v2\/product_cat?post=1211"},{"taxonomy":"product_tag","embeddable":true,"href":"https:\/\/actibase.eu\/fr\/wp-json\/wp\/v2\/product_tag?post=1211"}],"curies":[{"name":"wp","href":"https:\/\/api.w.org\/{rel}","templated":true}]}}