{"id":1482,"date":"2024-10-26T16:56:38","date_gmt":"2024-10-26T14:56:38","guid":{"rendered":"https:\/\/actibase.eu\/?post_type=product&#038;p=1482"},"modified":"2024-10-26T16:57:02","modified_gmt":"2024-10-26T14:57:02","slug":"plynna-rtec-hg-very-toxic","status":"publish","type":"product","link":"https:\/\/actibase.eu\/fr\/product\/plynna-rtec-hg-very-toxic\/","title":{"rendered":"P\u0142ynna Rt\u0119\u0107, HG very toxic!!!"},"content":{"rendered":"<p>P\u0142ynna rt\u0119\u0107 jest bardzo toksycznym metalem kt\u00f3ry tworzy amalgamaty.<\/p>\n<p>CAS: 7439-97-6<\/p>\n<p>Wz\u00f3r sumaryczny: HG<\/p>\n<p>Gesto\u015b\u0107: 13579,04 kg\/m3<\/p>\n<p>Cena dotyczy 100g<\/p>","protected":false},"excerpt":{"rendered":"<p>P\u0142ynna rt\u0119\u0107 jest bardzo toksycznym metalem kt\u00f3ry tworzy amalgamaty. CAS: 7439-97-6 Wz\u00f3r sumaryczny: HG Gesto\u015b\u0107: 13579,04 kg\/m3 Cena dotyczy 100g<\/p>","protected":false},"featured_media":1483,"template":"","meta":[],"product_cat":[95],"product_tag":[],"class_list":{"0":"post-1482","1":"product","2":"type-product","3":"status-publish","4":"has-post-thumbnail","6":"product_cat-metale","8":"first","9":"instock","10":"taxable","11":"shipping-taxable","12":"purchasable","13":"product-type-simple"},"_links":{"self":[{"href":"https:\/\/actibase.eu\/fr\/wp-json\/wp\/v2\/product\/1482","targetHints":{"allow":["GET"]}}],"collection":[{"href":"https:\/\/actibase.eu\/fr\/wp-json\/wp\/v2\/product"}],"about":[{"href":"https:\/\/actibase.eu\/fr\/wp-json\/wp\/v2\/types\/product"}],"version-history":[{"count":1,"href":"https:\/\/actibase.eu\/fr\/wp-json\/wp\/v2\/product\/1482\/revisions"}],"predecessor-version":[{"id":1484,"href":"https:\/\/actibase.eu\/fr\/wp-json\/wp\/v2\/product\/1482\/revisions\/1484"}],"wp:featuredmedia":[{"embeddable":true,"href":"https:\/\/actibase.eu\/fr\/wp-json\/wp\/v2\/media\/1483"}],"wp:attachment":[{"href":"https:\/\/actibase.eu\/fr\/wp-json\/wp\/v2\/media?parent=1482"}],"wp:term":[{"taxonomy":"product_cat","embeddable":true,"href":"https:\/\/actibase.eu\/fr\/wp-json\/wp\/v2\/product_cat?post=1482"},{"taxonomy":"product_tag","embeddable":true,"href":"https:\/\/actibase.eu\/fr\/wp-json\/wp\/v2\/product_tag?post=1482"}],"curies":[{"name":"wp","href":"https:\/\/api.w.org\/{rel}","templated":true}]}}