{"id":1151,"date":"2024-10-25T16:55:08","date_gmt":"2024-10-25T14:55:08","guid":{"rendered":"https:\/\/actibase.eu\/?post_type=product&#038;p=1151"},"modified":"2024-10-25T16:57:00","modified_gmt":"2024-10-25T14:57:00","slug":"benzokaina","status":"publish","type":"product","link":"https:\/\/actibase.eu\/it\/product\/benzokaina\/","title":{"rendered":"Benzokaina"},"content":{"rendered":"<div class=\"seo-desc-product\">\n<p>Zwana tak\u017ce anestezyn\u0105, etoformem czy topkain\u0105 czysta benzokaina (benzocainum) jest zwi\u0105zkiem chemicznym, kt\u00f3ry nale\u017cy do grupy estr\u00f3w kwasu p-aminobenzoesowego (estry PABA). Podobnie jak inne estry, 4-aminobenzoesan etylu stanowi grup\u0119 syntetycznych \u015brodk\u00f3w znieczulaj\u0105cych miejscowo.<\/p>\n<h3>Zastosowanie:<\/h3>\n<p>Benzokaina, wraz z innymi estrami PABA, kt\u00f3re wykazuj\u0105 podobne dzia\u0142anie anestetyczne, (np. prokaina) stosowana jest w wielu preparatach znieczulaj\u0105cych: ma\u015bci pierwszej pomocy, preparaty do stosowania na oparzon\u0105 s\u0142o\u0144cem sk\u00f3r\u0119, prezerwatywy \u2013 jako \u015brodek op\u00f3\u017aniaj\u0105cy wytrysk.<\/p>\n<p>Anestezyn\u0119 wykorzystuje si\u0119 r\u00f3wnie\u017c jako jeden z odczynnik\u00f3w, a tak\u017ce w akwarystyce. Po dodaniu tej substancji do wody, w st\u0119\u017ceniu 10% w postaci nasyconego roztworu etanolowego, dzia\u0142a og\u0142uszaj\u0105co na ryby przez okres oko\u0142o 10 \u2013 15 minut.<\/p>\n<h3>Dzia\u0142anie:<\/h3>\n<p>W przypadku, gdy stymulacja bod\u017aca progowego nast\u0119puje poprzez receptor b\u00f3lowy, rozpoczyna si\u0119 otwarcie kana\u0142\u00f3w jonowych dla kation\u00f3w sodu, kt\u00f3re s\u0105 wch\u0142aniane do neurolemmy zgodnie z si\u0142\u0105 protonomotoryczn\u0105. Wyst\u0119puje wtedy potencja\u0142 iglicowy, kt\u00f3ry pod\u0105\u017ca wzd\u0142u\u017c neuryt\u00f3w. Jest on odbierany przez m\u00f3zg jako b\u00f3l. Estry kwasu p-aminobenzoesowego blokuj\u0105 kana\u0142y dla kation\u00f3w sodu zapobiegaj\u0105c powstawaniu potencja\u0142u iglicowego w kom\u00f3rce nerwowej.<\/p>\n<h3>Kto mo\u017ce stosowa\u0107 czyst\u0105 benzokain\u0119 i w jakim celu?<\/h3>\n<p>Ten zwi\u0105zek chemiczny, jak ju\u017c wcze\u015bniej wspomnieli\u015bmy, ma szerokie spectrum zastosowania. Najcz\u0119\u015bciej spotka\u0107 si\u0119 z nim mo\u017cemy, planuj\u0105c wizyt\u0119 u dentysty. Stomatolodzy u\u017cywaj\u0105 tej substancji, \u017ceby pacjent, kt\u00f3ry zdecyduje si\u0119 na wyrywanie z\u0119ba lub inny zabieg m\u00f3g\u0142 przetrwa\u0107 go bez zb\u0119dnego b\u00f3lu. Wykorzystuj\u0105 j\u0105 przy podawaniu znieczulenia miejscowego. Nie tylko denty\u015bci znale\u017ali zastosowanie dla benzokainy. Znajduje si\u0119 ona w wielu preparatach i wyrobach medycznych, kt\u00f3re maj\u0105 za zadanie u\u015bmierzy\u0107 b\u00f3l.<\/p>\n<p>Dlatego czysta benzokaina dla sportowc\u00f3w i kulturyst\u00f3w najcz\u0119\u015bciej polecana jest jako jedna z substancji \u0142agodz\u0105ca dolegliwo\u015bci. S\u0105 oni bowiem w szczeg\u00f3lno\u015bci nara\u017ceni na ryzyko wyst\u0105pienia kontuzji oraz wszelkiego rodzaju kontuzji. Preparaty zawieraj\u0105ce t\u0119 substancj\u0119 s\u0105 r\u00f3wnie\u017c stosowane doodbytniczo w przypadku powstawania hemoroid\u00f3w. Problem ten dotyczy specjalnej grupy sportowc\u00f3w m.in. kolarzy, kt\u00f3rzy sp\u0119dzaj\u0105 d\u0142ugie godziny w jednej pozycji, siedz\u0105c na twardych siode\u0142kach.<\/p>\n<\/div>\n<p>&nbsp;<\/p>\n<p><strong>W\u0142a\u015bciwo\u015bci fizyko-chemiczne benzokainy<\/strong><\/p>\n<p>Forma:\u00a0<strong>cia\u0142o sta\u0142e<\/strong><\/p>\n<p>Kolor:\u00a0<strong>bia\u0142y<\/strong><\/p>\n<p>Zapach:\u00a0<strong>bezwonny<\/strong><\/p>\n<p>Masa molowa\u00a0<strong>165,19\u00a0g\/mol<\/strong><\/p>\n<p>Temperatura topnienia:\u00a0<strong>89-92<sup>o<\/sup>C<\/strong><\/p>\n<p>Temperatura wrzenia:\u00a0<strong>172<sup>o<\/sup>C<\/strong><\/p>\n<p>G\u0119sto\u015b\u0107:\u00a0<strong>2,75 g\/cm3<\/strong><\/p>\n<p>Rozpuszczalno\u015b\u0107 w wodzie:\u00a0<strong>trudno rozpuszczalny<\/strong><\/p>\n<p>Rozpuszczalno\u015b\u0107 w rozpuszczalnikach organicznych:\u00a0<strong>rozpuszczalny w etanolu (300 g\/l)<\/strong><\/p>\n<p>&nbsp;<\/p>\n<p><span style=\"color: #ff0000;\"><strong>Mo\u017ce powodowa\u0107 podra\u017cnienia sk\u00f3ry, mo\u017ce dzia\u0142a\u0107 uczulaj\u0105co na sk\u00f3r\u0119<\/strong><strong>.\u00a0<\/strong><\/span><\/p>","protected":false},"excerpt":{"rendered":"<p>Zwana tak\u017ce anestezyn\u0105, etoformem czy topkain\u0105 czysta benzokaina (benzocainum) jest zwi\u0105zkiem chemicznym, kt\u00f3ry nale\u017cy do grupy estr\u00f3w kwasu p-aminobenzoesowego (estry PABA). Podobnie jak inne estry, 4-aminobenzoesan etylu stanowi grup\u0119 syntetycznych<\/p>","protected":false},"featured_media":1157,"template":"","meta":[],"product_cat":[83],"product_tag":[],"class_list":{"0":"post-1151","1":"product","2":"type-product","3":"status-publish","4":"has-post-thumbnail","6":"product_cat-benzokaina","8":"first","9":"instock","10":"taxable","11":"shipping-taxable","12":"purchasable","13":"product-type-variable"},"_links":{"self":[{"href":"https:\/\/actibase.eu\/it\/wp-json\/wp\/v2\/product\/1151","targetHints":{"allow":["GET"]}}],"collection":[{"href":"https:\/\/actibase.eu\/it\/wp-json\/wp\/v2\/product"}],"about":[{"href":"https:\/\/actibase.eu\/it\/wp-json\/wp\/v2\/types\/product"}],"version-history":[{"count":2,"href":"https:\/\/actibase.eu\/it\/wp-json\/wp\/v2\/product\/1151\/revisions"}],"predecessor-version":[{"id":1160,"href":"https:\/\/actibase.eu\/it\/wp-json\/wp\/v2\/product\/1151\/revisions\/1160"}],"wp:featuredmedia":[{"embeddable":true,"href":"https:\/\/actibase.eu\/it\/wp-json\/wp\/v2\/media\/1157"}],"wp:attachment":[{"href":"https:\/\/actibase.eu\/it\/wp-json\/wp\/v2\/media?parent=1151"}],"wp:term":[{"taxonomy":"product_cat","embeddable":true,"href":"https:\/\/actibase.eu\/it\/wp-json\/wp\/v2\/product_cat?post=1151"},{"taxonomy":"product_tag","embeddable":true,"href":"https:\/\/actibase.eu\/it\/wp-json\/wp\/v2\/product_tag?post=1151"}],"curies":[{"name":"wp","href":"https:\/\/api.w.org\/{rel}","templated":true}]}}