{"id":116,"date":"2023-02-17T11:16:46","date_gmt":"2023-02-17T11:16:46","guid":{"rendered":"https:\/\/alukas.presslayouts.com\/dummy\/?page_id=116"},"modified":"2024-11-20T12:44:19","modified_gmt":"2024-11-20T11:44:19","slug":"about-me","status":"publish","type":"page","link":"https:\/\/actibase.eu\/nl\/about-me\/","title":{"rendered":"Over Mij"},"content":{"rendered":"<div data-elementor-type=\"wp-page\" data-elementor-id=\"116\" class=\"elementor elementor-116\" data-elementor-post-type=\"page\">\n\t\t\t\t\t\t<section class=\"elementor-section elementor-top-section elementor-element elementor-element-32cf418 elementor-section-full_width elementor-section-height-default elementor-section-height-default\" data-id=\"32cf418\" data-element_type=\"section\">\n\t\t\t\t\t\t<div class=\"elementor-container elementor-column-gap-no\">\n\t\t\t\t\t<div class=\"elementor-column elementor-col-50 elementor-top-column elementor-element elementor-element-9b74e33\" data-id=\"9b74e33\" data-element_type=\"column\">\n\t\t\t<div class=\"elementor-widget-wrap elementor-element-populated\">\n\t\t\t\t\t\t<div class=\"elementor-element elementor-element-b6c9a5a elementor-widget elementor-widget-image\" data-id=\"b6c9a5a\" data-element_type=\"widget\" data-widget_type=\"image.default\">\n\t\t\t\t<div class=\"elementor-widget-container\">\n\t\t\t\t\t\t\t\t\t\t\t\t\t<img fetchpriority=\"high\" decoding=\"async\" width=\"600\" height=\"600\" src=\"https:\/\/actibase.eu\/wp-content\/uploads\/2024\/11\/depositphotos_3231700-stock-photo-chemical-flasks-with-reagents.webp\" class=\"attachment-full size-full wp-image-1695\" alt=\"\" srcset=\"https:\/\/actibase.eu\/wp-content\/uploads\/2024\/11\/depositphotos_3231700-stock-photo-chemical-flasks-with-reagents.webp 600w, https:\/\/actibase.eu\/wp-content\/uploads\/2024\/11\/depositphotos_3231700-stock-photo-chemical-flasks-with-reagents-360x360.webp 360w, https:\/\/actibase.eu\/wp-content\/uploads\/2024\/11\/depositphotos_3231700-stock-photo-chemical-flasks-with-reagents-576x576.webp 576w, https:\/\/actibase.eu\/wp-content\/uploads\/2024\/11\/depositphotos_3231700-stock-photo-chemical-flasks-with-reagents-150x150.webp 150w, https:\/\/actibase.eu\/wp-content\/uploads\/2024\/11\/depositphotos_3231700-stock-photo-chemical-flasks-with-reagents-12x12.webp 12w, https:\/\/actibase.eu\/wp-content\/uploads\/2024\/11\/depositphotos_3231700-stock-photo-chemical-flasks-with-reagents-325x325.webp 325w\" sizes=\"(max-width: 600px) 100vw, 600px\" \/>\t\t\t\t\t\t\t\t\t\t\t\t\t<\/div>\n\t\t\t\t<\/div>\n\t\t\t\t\t<\/div>\n\t\t<\/div>\n\t\t\t\t<div class=\"elementor-column elementor-col-50 elementor-top-column elementor-element elementor-element-cce5964\" data-id=\"cce5964\" data-element_type=\"column\">\n\t\t\t<div class=\"elementor-widget-wrap elementor-element-populated\">\n\t\t\t\t\t\t<div class=\"elementor-element elementor-element-76a74be elementor-widget elementor-widget-text-editor\" data-id=\"76a74be\" data-element_type=\"widget\" data-widget_type=\"text-editor.default\">\n\t\t\t\t<div class=\"elementor-widget-container\">\n\t\t\t\t\t\t\t<p>over ons<\/p>\t\t\t\t\t\t<\/div>\n\t\t\t\t<\/div>\n\t\t\t\t<div class=\"elementor-element elementor-element-3f688f9 elementor-widget elementor-widget-text-editor\" data-id=\"3f688f9\" data-element_type=\"widget\" data-widget_type=\"text-editor.default\">\n\t\t\t\t<div class=\"elementor-widget-container\">\n\t\t\t\t\t\t\t<p>Wij zijn echte leiders in onze branche, het aanbieden van onze klanten de hoogste kwaliteit producten die voldoen aan alle normen en standaarden. ONZE ONLINE WINKEL is een plek waar de passie voor chemie en technologie voldoet aan professionaliteit en aandacht voor detail. Wij zijn gespecialiseerd in de verkoop van chemische reagentia, cafe\u00efne, farmaceutische oplosmiddelen en andere essenti\u00eble producten die van cruciaal belang, zowel in laboratoria en in verschillende industrie\u00ebn.<\/p><p>Dankzij de samenwerking met de beste fabrikanten en leveranciers, wij bieden alleen bewezen, veilige en kwalitatief hoogwaardige producten. Elk van onze producten is zorgvuldig geselecteerd voor het leveren van onze klanten met tevredenheid en betrouwbaarheid. In onze online winkel, koop snel, comfortabel en veilig, en ons support team altijd voor u klaar om al uw vragen beantwoorden en u helpen bij het kiezen van de juiste producten.<\/p><p>Ons bedrijf is een garantie voor betrouwbaarheid en innovatie \u2013 wij producten leveren die aan de ondersteuning van de wetenschap, de industrie en het onderzoek in elke fase. Dankzij de vele jaren ervaring, kunnen wij producten met uitstekende kenmerken die de basis vormen voor een effectieve en effici\u00ebnte bedrijfsvoering in de laboratoria en in de farmaceutische markt.<\/p>\t\t\t\t\t\t<\/div>\n\t\t\t\t<\/div>\n\t\t\t\t\t<\/div>\n\t\t<\/div>\n\t\t\t\t\t<\/div>\n\t\t<\/section>\n\t\t\t\t<\/div>","protected":false},"excerpt":{"rendered":"<p>O NAS Jeste\u015bmy prawdziwymi liderami w swojej bran\u017cy, oferuj\u0105c naszym klientom najwy\u017cszej jako\u015bci produkty, kt\u00f3re spe\u0142niaj\u0105 wszystkie normy i standardy. Nasz sklep internetowy to miejsce, gdzie pasja do chemii i<\/p>","protected":false},"author":1,"featured_media":0,"parent":0,"menu_order":0,"comment_status":"closed","ping_status":"closed","template":"","meta":{"footnotes":""},"class_list":["post-116","page","type-page","status-publish","hentry"],"_links":{"self":[{"href":"https:\/\/actibase.eu\/nl\/wp-json\/wp\/v2\/pages\/116","targetHints":{"allow":["GET"]}}],"collection":[{"href":"https:\/\/actibase.eu\/nl\/wp-json\/wp\/v2\/pages"}],"about":[{"href":"https:\/\/actibase.eu\/nl\/wp-json\/wp\/v2\/types\/page"}],"author":[{"embeddable":true,"href":"https:\/\/actibase.eu\/nl\/wp-json\/wp\/v2\/users\/1"}],"replies":[{"embeddable":true,"href":"https:\/\/actibase.eu\/nl\/wp-json\/wp\/v2\/comments?post=116"}],"version-history":[{"count":6,"href":"https:\/\/actibase.eu\/nl\/wp-json\/wp\/v2\/pages\/116\/revisions"}],"predecessor-version":[{"id":1701,"href":"https:\/\/actibase.eu\/nl\/wp-json\/wp\/v2\/pages\/116\/revisions\/1701"}],"wp:attachment":[{"href":"https:\/\/actibase.eu\/nl\/wp-json\/wp\/v2\/media?parent=116"}],"curies":[{"name":"wp","href":"https:\/\/api.w.org\/{rel}","templated":true}]}}