{"id":1340,"date":"2024-10-26T16:02:55","date_gmt":"2024-10-26T14:02:55","guid":{"rendered":"https:\/\/actibase.eu\/?post_type=product&#038;p=1340"},"modified":"2024-10-26T16:03:21","modified_gmt":"2024-10-26T14:03:21","slug":"chlorek-glinu-bezwodny-999","status":"publish","type":"product","link":"https:\/\/actibase.eu\/nl\/product\/chlorek-glinu-bezwodny-999\/","title":{"rendered":"Chlorek Glinu Bezwodny 99,9%"},"content":{"rendered":"<div id=\"box_description\" class=\"box tab\">\n<div class=\"innerbox\">\n<div class=\"resetcss\">\n<p>Bezwodny chlorek glinu w postaci polikrystalicznego granulatu o czysto\u015bci 99,9%<\/p>\n<p>U\u017cywany jako katalizator w syntezie organicznej<\/p>\n<p>Przechowywa\u0107 bez dost\u0119pu powietrza i wody gdy\u017c hydrolizuje do kwasu solnego<\/p>\n<p>Zalecana ochrona dr\u00f3g oddechowych przy kontakcie z tym zwi\u0105zkiem<\/p>\n<p>Cena dotyczy 1kg<\/p>\n<\/div>\n<\/div>\n<\/div>","protected":false},"excerpt":{"rendered":"<p>Bezwodny chlorek glinu w postaci polikrystalicznego granulatu o czysto\u015bci 99,9% U\u017cywany jako katalizator w syntezie organicznej Przechowywa\u0107 bez dost\u0119pu powietrza i wody gdy\u017c hydrolizuje do kwasu solnego Zalecana ochrona dr\u00f3g<\/p>","protected":false},"featured_media":1341,"template":"","meta":[],"product_cat":[68],"product_tag":[],"class_list":{"0":"post-1340","1":"product","2":"type-product","3":"status-publish","4":"has-post-thumbnail","6":"product_cat-odczynniki-chemiczne","8":"first","9":"instock","10":"taxable","11":"shipping-taxable","12":"purchasable","13":"product-type-simple"},"_links":{"self":[{"href":"https:\/\/actibase.eu\/nl\/wp-json\/wp\/v2\/product\/1340","targetHints":{"allow":["GET"]}}],"collection":[{"href":"https:\/\/actibase.eu\/nl\/wp-json\/wp\/v2\/product"}],"about":[{"href":"https:\/\/actibase.eu\/nl\/wp-json\/wp\/v2\/types\/product"}],"version-history":[{"count":1,"href":"https:\/\/actibase.eu\/nl\/wp-json\/wp\/v2\/product\/1340\/revisions"}],"predecessor-version":[{"id":1342,"href":"https:\/\/actibase.eu\/nl\/wp-json\/wp\/v2\/product\/1340\/revisions\/1342"}],"wp:featuredmedia":[{"embeddable":true,"href":"https:\/\/actibase.eu\/nl\/wp-json\/wp\/v2\/media\/1341"}],"wp:attachment":[{"href":"https:\/\/actibase.eu\/nl\/wp-json\/wp\/v2\/media?parent=1340"}],"wp:term":[{"taxonomy":"product_cat","embeddable":true,"href":"https:\/\/actibase.eu\/nl\/wp-json\/wp\/v2\/product_cat?post=1340"},{"taxonomy":"product_tag","embeddable":true,"href":"https:\/\/actibase.eu\/nl\/wp-json\/wp\/v2\/product_tag?post=1340"}],"curies":[{"name":"wp","href":"https:\/\/api.w.org\/{rel}","templated":true}]}}