{"id":1527,"date":"2024-10-26T17:35:55","date_gmt":"2024-10-26T15:35:55","guid":{"rendered":"https:\/\/actibase.eu\/?post_type=product&#038;p=1527"},"modified":"2024-10-26T17:36:13","modified_gmt":"2024-10-26T15:36:13","slug":"oleinian-etylu-999-farmaceutyczny-5l","status":"publish","type":"product","link":"https:\/\/actibase.eu\/nl\/product\/oleinian-etylu-999-farmaceutyczny-5l\/","title":{"rendered":"Oleinian Etylu 99,9% Farmaceutyczny 5l"},"content":{"rendered":"<div id=\"box_description\" class=\"box tab\">\n<div class=\"innerbox\">\n<div class=\"resetcss\">\n<div id=\"box_description\" class=\"box tab\">\n<div class=\"innerbox\">\n<div class=\"resetcss\">\n<p>Oleinian etylu 99,9% Farmaceutyczna czysto\u015b\u0107! Europejski producent.<\/p>\n<p>Wz\u00f3r sumaryczny: C20H38O2<\/p>\n<p>Masa molowa: 310,51 g\/mol<\/p>\n<p>Wygl\u0105d: bezbarwna lub lekko \u017c\u00f3\u0142ta ciecz<\/p>\n<p>Numer Cas: 111-62-6<\/p>\n<p>Znajduje zastosowanie w przemy\u015ble farmaceutycznym jako rozpuszczalnik lipofilowych substancji, takich jak steroidy. Stosowany jest tak\u017ce jako smar i plastyfikator. Jest tak\u017ce g\u0142\u00f3wnym feromonem pszcz\u00f3\u0142<\/p>\n<p>Pakowany w sterylnych warunkach brak zanieczyszcze\u0144.<\/p>\n<p>Opakowanie: szklana butelka apteczna<\/p>\n<p>Cena dotyczy 1L<\/p>\n<p>Do ka\u017cdego zam\u00f3wienia do\u0142\u0105czam certyfikat analizy europejskiego producenta.<\/p>\n<\/div>\n<\/div>\n<\/div>\n<\/div>\n<\/div>\n<\/div>","protected":false},"excerpt":{"rendered":"<p>Oleinian etylu 99,9% Farmaceutyczna czysto\u015b\u0107! Europejski producent. Wz\u00f3r sumaryczny: C20H38O2 Masa molowa: 310,51 g\/mol Wygl\u0105d: bezbarwna lub lekko \u017c\u00f3\u0142ta ciecz Numer Cas: 111-62-6 Znajduje zastosowanie w przemy\u015ble farmaceutycznym jako rozpuszczalnik<\/p>","protected":false},"featured_media":1525,"template":"","meta":[],"product_cat":[97],"product_tag":[],"class_list":{"0":"post-1527","1":"product","2":"type-product","3":"status-publish","4":"has-post-thumbnail","6":"product_cat-rozpuszczalniki-farmaceutyczne","8":"first","9":"instock","10":"taxable","11":"shipping-taxable","12":"purchasable","13":"product-type-simple"},"_links":{"self":[{"href":"https:\/\/actibase.eu\/nl\/wp-json\/wp\/v2\/product\/1527","targetHints":{"allow":["GET"]}}],"collection":[{"href":"https:\/\/actibase.eu\/nl\/wp-json\/wp\/v2\/product"}],"about":[{"href":"https:\/\/actibase.eu\/nl\/wp-json\/wp\/v2\/types\/product"}],"version-history":[{"count":1,"href":"https:\/\/actibase.eu\/nl\/wp-json\/wp\/v2\/product\/1527\/revisions"}],"predecessor-version":[{"id":1528,"href":"https:\/\/actibase.eu\/nl\/wp-json\/wp\/v2\/product\/1527\/revisions\/1528"}],"wp:featuredmedia":[{"embeddable":true,"href":"https:\/\/actibase.eu\/nl\/wp-json\/wp\/v2\/media\/1525"}],"wp:attachment":[{"href":"https:\/\/actibase.eu\/nl\/wp-json\/wp\/v2\/media?parent=1527"}],"wp:term":[{"taxonomy":"product_cat","embeddable":true,"href":"https:\/\/actibase.eu\/nl\/wp-json\/wp\/v2\/product_cat?post=1527"},{"taxonomy":"product_tag","embeddable":true,"href":"https:\/\/actibase.eu\/nl\/wp-json\/wp\/v2\/product_tag?post=1527"}],"curies":[{"name":"wp","href":"https:\/\/api.w.org\/{rel}","templated":true}]}}