{"id":1343,"date":"2024-10-26T16:03:35","date_gmt":"2024-10-26T14:03:35","guid":{"rendered":"https:\/\/actibase.eu\/?post_type=product&#038;p=1343"},"modified":"2024-10-26T16:03:58","modified_gmt":"2024-10-26T14:03:58","slug":"dichromian-sodu-bezwodny-cz-1kg","status":"publish","type":"product","link":"https:\/\/actibase.eu\/pl\/product\/dichromian-sodu-bezwodny-cz-1kg\/","title":{"rendered":"Dichromian sodu bezwodny cz 1kg"},"content":{"rendered":"<div id=\"box_description\" class=\"box tab\">\n<div class=\"innerbox\">\n<div class=\"resetcss\">\n<p>Synonimy: dichromian sodu Wz\u00f3r chemiczny: Na2Cr2O7 Masa molowa: 245,98 Numer CAS: 10588-01-9 Numer WE: 234-190-3<\/p>\n<p>Cena dotyczy 1kg<\/p>\n<p>Zgodnie z art. 67 oraz za\u0142. XVII REACH sprzeda\u017c klientom indywidualnym podlega ograniczenia. Jest to produkt do u\u017cytku profesjonalnego i do zakupu potrzeba pe\u0142ne dane do FV lub nazw\u0119 firmy w kt\u00f3rej produkt bd wykorzystywany.<\/p>\n<\/div>\n<\/div>\n<\/div>\n","protected":false},"excerpt":{"rendered":"<p>Synonimy: dichromian sodu Wz\u00f3r chemiczny: Na2Cr2O7 Masa molowa: 245,98 Numer CAS: 10588-01-9 Numer WE: 234-190-3 Cena dotyczy 1kg Zgodnie z art. 67 oraz za\u0142. XVII REACH sprzeda\u017c klientom indywidualnym podlega<\/p>\n","protected":false},"featured_media":1344,"template":"","meta":[],"product_cat":[68],"product_tag":[],"class_list":{"0":"post-1343","1":"product","2":"type-product","3":"status-publish","4":"has-post-thumbnail","6":"product_cat-odczynniki-chemiczne","8":"first","9":"instock","10":"taxable","11":"shipping-taxable","12":"purchasable","13":"product-type-simple"},"_links":{"self":[{"href":"https:\/\/actibase.eu\/pl\/wp-json\/wp\/v2\/product\/1343","targetHints":{"allow":["GET"]}}],"collection":[{"href":"https:\/\/actibase.eu\/pl\/wp-json\/wp\/v2\/product"}],"about":[{"href":"https:\/\/actibase.eu\/pl\/wp-json\/wp\/v2\/types\/product"}],"version-history":[{"count":1,"href":"https:\/\/actibase.eu\/pl\/wp-json\/wp\/v2\/product\/1343\/revisions"}],"predecessor-version":[{"id":1345,"href":"https:\/\/actibase.eu\/pl\/wp-json\/wp\/v2\/product\/1343\/revisions\/1345"}],"wp:featuredmedia":[{"embeddable":true,"href":"https:\/\/actibase.eu\/pl\/wp-json\/wp\/v2\/media\/1344"}],"wp:attachment":[{"href":"https:\/\/actibase.eu\/pl\/wp-json\/wp\/v2\/media?parent=1343"}],"wp:term":[{"taxonomy":"product_cat","embeddable":true,"href":"https:\/\/actibase.eu\/pl\/wp-json\/wp\/v2\/product_cat?post=1343"},{"taxonomy":"product_tag","embeddable":true,"href":"https:\/\/actibase.eu\/pl\/wp-json\/wp\/v2\/product_tag?post=1343"}],"curies":[{"name":"wp","href":"https:\/\/api.w.org\/{rel}","templated":true}]}}