{"id":1536,"date":"2024-10-26T17:39:02","date_gmt":"2024-10-26T15:39:02","guid":{"rendered":"https:\/\/actibase.eu\/?post_type=product&#038;p=1536"},"modified":"2024-10-26T17:39:34","modified_gmt":"2024-10-26T15:39:34","slug":"chlorek-benzylu-999-benzyl-chloride-czda-1l","status":"publish","type":"product","link":"https:\/\/actibase.eu\/pl\/product\/chlorek-benzylu-999-benzyl-chloride-czda-1l\/","title":{"rendered":"Chlorek Benzylu 99,9% (Benzyl Chloride) czda 1L"},"content":{"rendered":"<p>Chlorek Benzylu 99,9%<\/p>\n<p>Numer CAS: 100-44-7<\/p>\n<p>Wz\u00f3r sumaryczny: C7 H7 Cl<\/p>\n<p>Masa cz\u0105steczkowa: 126.59<\/p>\n<p>Cena dotyczy 1L<\/p>\n<p>Wymaga wype\u0142nienia deklaracji zastosowania.<\/p>\n","protected":false},"excerpt":{"rendered":"<p>Chlorek Benzylu 99,9% Numer CAS: 100-44-7 Wz\u00f3r sumaryczny: C7 H7 Cl Masa cz\u0105steczkowa: 126.59 Cena dotyczy 1L Wymaga wype\u0142nienia deklaracji zastosowania.<\/p>\n","protected":false},"featured_media":1537,"template":"","meta":[],"product_cat":[98],"product_tag":[],"class_list":{"0":"post-1536","1":"product","2":"type-product","3":"status-publish","4":"has-post-thumbnail","6":"product_cat-chlorki","8":"first","9":"instock","10":"taxable","11":"shipping-taxable","12":"purchasable","13":"product-type-simple"},"_links":{"self":[{"href":"https:\/\/actibase.eu\/pl\/wp-json\/wp\/v2\/product\/1536","targetHints":{"allow":["GET"]}}],"collection":[{"href":"https:\/\/actibase.eu\/pl\/wp-json\/wp\/v2\/product"}],"about":[{"href":"https:\/\/actibase.eu\/pl\/wp-json\/wp\/v2\/types\/product"}],"version-history":[{"count":1,"href":"https:\/\/actibase.eu\/pl\/wp-json\/wp\/v2\/product\/1536\/revisions"}],"predecessor-version":[{"id":1538,"href":"https:\/\/actibase.eu\/pl\/wp-json\/wp\/v2\/product\/1536\/revisions\/1538"}],"wp:featuredmedia":[{"embeddable":true,"href":"https:\/\/actibase.eu\/pl\/wp-json\/wp\/v2\/media\/1537"}],"wp:attachment":[{"href":"https:\/\/actibase.eu\/pl\/wp-json\/wp\/v2\/media?parent=1536"}],"wp:term":[{"taxonomy":"product_cat","embeddable":true,"href":"https:\/\/actibase.eu\/pl\/wp-json\/wp\/v2\/product_cat?post=1536"},{"taxonomy":"product_tag","embeddable":true,"href":"https:\/\/actibase.eu\/pl\/wp-json\/wp\/v2\/product_tag?post=1536"}],"curies":[{"name":"wp","href":"https:\/\/api.w.org\/{rel}","templated":true}]}}