{"id":1142,"date":"2024-10-25T16:52:18","date_gmt":"2024-10-25T14:52:18","guid":{"rendered":"https:\/\/actibase.eu\/?post_type=product&#038;p=1142"},"modified":"2024-10-25T16:54:06","modified_gmt":"2024-10-25T14:54:06","slug":"lidokaina","status":"publish","type":"product","link":"https:\/\/actibase.eu\/pt\/product\/lidokaina\/","title":{"rendered":"\u00c1frica do sul"},"content":{"rendered":"<p>Jedn\u0105 z najbardziej znanych pochodnych aminowych o dzia\u0142aniu miejscowo znieczulaj\u0105cym jest czysta lidokaina (Lidocainum). Substancja ta stosowana jest cz\u0119sto przez lekarzy i specjalist\u00f3w do miejscowego znieczulenia przy mniejszych interwencjach, w zwalczaniu sw\u0119dzenia i objaw\u00f3w egzemy oraz w zapobieganiu przedwczesnej ejakulacji (przedwczesny wytrysk). Lidokaina jest r\u00f3wnie\u017c cz\u0119sto u\u017cywana w zabiegach stomatologicznych. Ten zwi\u0105zek chemiczny wykorzystywany jest w lecznictwie w postaci wolnej zasady oraz w postaci chlorowodorku.<\/p>\n<h3>Dzia\u0142anie:<\/h3>\n<p>Ta pochodna amonowa hamuje powstawanie i przewodzenie bod\u017ac\u00f3w we w\u0142\u00f3knach nerwowych, blokuje kana\u0142y sodowe b\u0142on kom\u00f3rek nerwowych. Zahamowanie nap\u0142ywu kation\u00f3w sodu zapobiega powstawaniu i przewodzeniu impuls\u00f3w pojawiaj\u0105cych si\u0119 w odpowiedzi na depolaryzacj\u0119.<\/p>\n<h3>Zastosowanie:<\/h3>\n<p>Substancj\u0119 t\u0119 stosuje si\u0119 w wielu preparatach znieczulaj\u0105cych: ma\u015bciach pierwszej pomocy, artyku\u0142ach do stosowania na oparzon\u0105 s\u0142o\u0144cem sk\u00f3r\u0119, prezerwatywach \u2013 jako \u015brodek op\u00f3\u017aniaj\u0105cy wytrysk. Przeciwdzia\u0142a ona nadmiernej wra\u017cliwo\u015bci genitali\u00f3w, co powoduje, \u017ce nie wyst\u0105pi przedwczesny wytrysk.<\/p>\n<p>G\u0142\u00f3wn\u0105 zalet\u0105 czystej lidokainy jest fakt, \u017ce znieczula szybko i miejscowo. Efekt\u00f3w mo\u017cna spodziewa\u0107 si\u0119 ju\u017c po kilku minutach w zale\u017cno\u015bci od zastosowanej dawki. Dlatego czysta lidokaina dla sportowc\u00f3w i kulturyst\u00f3w jest odpowiednim \u015brodkiem \u0142agodz\u0105cym b\u00f3l. Dzia\u0142a natychmiastowo i w miejscu wynikni\u0119cia urazu lub kontuzji. To bardzo wa\u017cne zw\u0142aszcza dla sportowc\u00f3w czy kulturyst\u00f3w, kt\u00f3rzy nie chc\u0105 przerywa\u0107 treningu z powodu dolegliwo\u015bci, gdy\u017c ka\u017cdy dzie\u0144 mo\u017ce w ich przypadku zdecydowa\u0107 o sukcesie lub pora\u017cce. Efekty w zastosowaniu tego zwi\u0105zku chemicznego s\u0105 zr\u00f3\u017cnicowane, pocz\u0105wszy od wra\u017cenia \u0142agodnego, nieokre\u015blonego uczucia a\u017c po ca\u0142kowite znieczulenie kontuzjowanego miejsca.<\/p>\n<p>Niezale\u017cnie od jego zastosowania w farmakologii, medycynie czy jako preparatu pomagaj\u0105cego wr\u00f3ci\u0107 sportowcom i kulturystom do pe\u0142ni dyspozycji, lidokaina wykorzystywana jest dzi\u0119ki swoim w\u0142a\u015bciwo\u015bciom jako odczynnik chemiczny.<\/p>\n<p>&nbsp;<\/p>\n<p><strong>W\u0142a\u015bciwo\u015bci fizyko-chemiczne Lidokainy<\/strong><\/p>\n<p>Kolor:\u00a0<strong>bia\u0142y<\/strong><\/p>\n<p>Zapach:\u00a0<strong>bezwonny<\/strong><\/p>\n<p>Masa molowa\u00a0<strong>234,38\u00a0g\/mol<\/strong><\/p>\n<p>pH:\u00a0<strong>4-5.5<\/strong><\/p>\n<p>Temperatura topnienia:\u00a0<strong>74-79<sup>o<\/sup>C<\/strong><\/p>","protected":false},"excerpt":{"rendered":"<p>Jedn\u0105 z najbardziej znanych pochodnych aminowych o dzia\u0142aniu miejscowo znieczulaj\u0105cym jest czysta lidokaina (Lidocainum). Substancja ta stosowana jest cz\u0119sto przez lekarzy i specjalist\u00f3w do miejscowego znieczulenia przy mniejszych interwencjach, w<\/p>","protected":false},"featured_media":1147,"template":"","meta":[],"product_cat":[82],"product_tag":[],"class_list":{"0":"post-1142","1":"product","2":"type-product","3":"status-publish","4":"has-post-thumbnail","6":"product_cat-lidokaina","8":"first","9":"instock","10":"taxable","11":"shipping-taxable","12":"purchasable","13":"product-type-variable"},"_links":{"self":[{"href":"https:\/\/actibase.eu\/pt\/wp-json\/wp\/v2\/product\/1142","targetHints":{"allow":["GET"]}}],"collection":[{"href":"https:\/\/actibase.eu\/pt\/wp-json\/wp\/v2\/product"}],"about":[{"href":"https:\/\/actibase.eu\/pt\/wp-json\/wp\/v2\/types\/product"}],"version-history":[{"count":1,"href":"https:\/\/actibase.eu\/pt\/wp-json\/wp\/v2\/product\/1142\/revisions"}],"predecessor-version":[{"id":1150,"href":"https:\/\/actibase.eu\/pt\/wp-json\/wp\/v2\/product\/1142\/revisions\/1150"}],"wp:featuredmedia":[{"embeddable":true,"href":"https:\/\/actibase.eu\/pt\/wp-json\/wp\/v2\/media\/1147"}],"wp:attachment":[{"href":"https:\/\/actibase.eu\/pt\/wp-json\/wp\/v2\/media?parent=1142"}],"wp:term":[{"taxonomy":"product_cat","embeddable":true,"href":"https:\/\/actibase.eu\/pt\/wp-json\/wp\/v2\/product_cat?post=1142"},{"taxonomy":"product_tag","embeddable":true,"href":"https:\/\/actibase.eu\/pt\/wp-json\/wp\/v2\/product_tag?post=1142"}],"curies":[{"name":"wp","href":"https:\/\/api.w.org\/{rel}","templated":true}]}}