{"id":1161,"date":"2024-10-25T16:57:15","date_gmt":"2024-10-25T14:57:15","guid":{"rendered":"https:\/\/actibase.eu\/?post_type=product&#038;p=1161"},"modified":"2024-10-25T17:02:08","modified_gmt":"2024-10-25T15:02:08","slug":"kofeina","status":"publish","type":"product","link":"https:\/\/actibase.eu\/pt\/product\/kofeina\/","title":{"rendered":"A cafe\u00edna"},"content":{"rendered":"<div class=\"seo-desc-product\">\n<p><span style=\"color: #ff0000;\"><strong>A cafe\u00edna<\/strong><\/span>\u00a0(<em>Caffeine Anhydrous, kofeina bezwodna)\u00a0<\/em>jest g\u0142\u00f3wnym alkaloidem nasion krzewu kawowego\u00a0<em>Coffea arabica<\/em>,\u00a0<em>Coffea liberica<\/em>\u00a0i innych z rodziny\u00a0<em>Rubiaceae<\/em>.<\/p>\n<p><span style=\"color: #ff0000;\">A cafe\u00edna<\/span>\u00a0jest substancj\u0105 o szerokim spektrum dzia\u0142aniu pobudza o\u015brodkowy uk\u0142ad nerwowy oraz o\u015brodki wegetatywne: oddechowy, naczynioruchowy i nerwu b\u0142\u0119dnego.<\/p>\n<p><strong>Wp\u0142yw kofeiny na uk\u0142ad nerwowy:<\/strong><\/p>\n<ul>\n<li>wzrost koncentracji i uwagi,<\/li>\n<li>poprawa koordynacji ruchowej,<\/li>\n<li>zmniejszeniu uczucia zm\u0119czenia psychicznego i fizycznego,<\/li>\n<li>wzrost sprawno\u015bci my\u015blenia i nauk<\/li>\n<li>przyspieszenie toku my\u015blowego,<\/li>\n<li>poprawienie nastroju i odczuwanie przyjemno\u015bci (poprzez wydzielanie dopaminy),<\/li>\n<li>pobudza o\u015brodki wegetatywne uk\u0142adu oddechowego i naczynioruchowego,<\/li>\n<li>pobudzenie o\u015brodkowego uk\u0142adu nerwowego (blokowanie receptor\u00f3w adenozynowych),<\/li>\n<li>pobudzenie nerwu b\u0142\u0119dnego<\/li>\n<\/ul>\n<p>Kofeina wykazuje r\u00f3wnie\u017c doskona\u0142e dzia\u0142anie termogenne \u2013 przekszta\u0142ca kalorie w ciep\u0142o podnosz\u0105c znacznie tempo przemiany materii. przyspiesza oraz pobudza spalanie tkanki t\u0142uszczowej, co wykorzystywane jest w r\u00f3\u017cnych preparatach wspomagaj\u0105cych odchudzanie.<\/p>\n<p>Kofeina korzystnie wp\u0142ywa na wytrzyma\u0142o\u015b\u0107 podczas \u0107wicze\u0144, znacznie op\u00f3\u017ania zm\u0119czenie, zwi\u0119kszaj\u0105c czas \u0107wicze\u0144. Korzystanie z kofeiny poprawia wytrzyma\u0142o\u015b\u0107 i wydajno\u015b\u0107.<\/p>\n<p>Ponadto kofeina jest popularnym sk\u0142adnikiem wielu produkt\u00f3w spo\u017cywczych, przede wszystkim napoj\u00f3w orze\u017awiaj\u0105cych typu cola oraz tzw. napoj\u00f3w energetyzuj\u0105cych.<\/p>\n<p>Kofein\u0119 dodaje si\u0119 r\u00f3wnie\u017c do preparat\u00f3w kosmetycznych i kosmetyczno-leczniczych (szampon\u00f3w, myde\u0142, krem\u00f3w, balsam\u00f3w), kt\u00f3re w za\u0142o\u017ceniu maj\u0105 pobudza\u0107 kr\u0105\u017cenie, rozja\u015bnia\u0107 sk\u00f3r\u0119 i dzia\u0142a\u0107 lipolitycznie.<\/p>\n<p>Pobudza r\u00f3wnomiernie kor\u0119 m\u00f3zgow\u0105, co oznacza zwi\u0119kszenie sprawno\u015bci my\u015blenia oraz przeciwdzia\u0142anie zm\u0119czeniu. Preparat polecany jest dla os\u00f3b aktywnych zawodowo, sportowcom, studentom oraz osobom podejmuj\u0105cym wysi\u0142ek psycho-fizyczny, a tak\u017ce kierowcom podczas d\u0142ugich tras.<\/p>\n<p>&nbsp;<\/p>\n<p><strong>W\u0142a\u015bciwo\u015bci fizyko-chemiczne kofeiny<\/strong><\/p>\n<p>Forma:\u00a0<strong>cia\u0142o sta\u0142e<\/strong><\/p>\n<p>Kolor:\u00a0<strong>bia\u0142y<\/strong><\/p>\n<p>Zapach:\u00a0<strong>bezwonny<\/strong><\/p>\n<p>Masa molowa\u00a0<strong>194.19 g\/mol<\/strong><\/p>\n<p>pH:\u00a0<strong>5.5-6.5 (10g\/l; 20<sup>o<\/sup>C)<\/strong><\/p>\n<p>Temperatura topnienia:\u00a0<strong>234-239<sup>o<\/sup>C<\/strong><\/p>\n<p>Temperatura wrzenia:\u00a0<strong>178<sup>o<\/sup>C<\/strong><\/p>\n<p>Rozpuszczalno\u015b\u0107 w wodzie:\u00a0<strong>21 g\/l (25<sup>o<\/sup>C), 46 g\/l (40<sup>o<\/sup>C), 182 g\/l (80<sup>o<\/sup>C), 670 g\/l (100<sup>o<\/sup>C)<\/strong><\/p>\n<p>&nbsp;<\/p>\n<p><span style=\"color: #ff0000;\"><strong>Maksymalna, doustna dawka kofeiny wynosi 1,5 g, a dawka \u015bmiertelna kofeiny dla cz\u0142owieka\u00a0w zale\u017cno\u015bci od wagi, wzrostu i indywidualnej wra\u017cliwo\u015bci na kofein\u0119 wynosi ok. 150-200 mg\/kg masy cia\u0142a czyli oko\u0142o\u00a010\u201312 g.\u00a0<\/strong><\/span><\/p>\n<\/div>","protected":false},"excerpt":{"rendered":"<p>Kofeina\u00a0(Caffeine Anhydrous, kofeina bezwodna)\u00a0jest g\u0142\u00f3wnym alkaloidem nasion krzewu kawowego\u00a0Coffea arabica,\u00a0Coffea liberica\u00a0i innych z rodziny\u00a0Rubiaceae. Kofeina\u00a0jest substancj\u0105 o szerokim spektrum dzia\u0142aniu pobudza o\u015brodkowy uk\u0142ad nerwowy oraz o\u015brodki wegetatywne: oddechowy, naczynioruchowy i<\/p>","protected":false},"featured_media":1170,"template":"","meta":[],"product_cat":[84],"product_tag":[],"class_list":{"0":"post-1161","1":"product","2":"type-product","3":"status-publish","4":"has-post-thumbnail","6":"product_cat-kofeina","8":"first","9":"instock","10":"taxable","11":"shipping-taxable","12":"purchasable","13":"product-type-variable"},"_links":{"self":[{"href":"https:\/\/actibase.eu\/pt\/wp-json\/wp\/v2\/product\/1161","targetHints":{"allow":["GET"]}}],"collection":[{"href":"https:\/\/actibase.eu\/pt\/wp-json\/wp\/v2\/product"}],"about":[{"href":"https:\/\/actibase.eu\/pt\/wp-json\/wp\/v2\/types\/product"}],"version-history":[{"count":1,"href":"https:\/\/actibase.eu\/pt\/wp-json\/wp\/v2\/product\/1161\/revisions"}],"predecessor-version":[{"id":1179,"href":"https:\/\/actibase.eu\/pt\/wp-json\/wp\/v2\/product\/1161\/revisions\/1179"}],"wp:featuredmedia":[{"embeddable":true,"href":"https:\/\/actibase.eu\/pt\/wp-json\/wp\/v2\/media\/1170"}],"wp:attachment":[{"href":"https:\/\/actibase.eu\/pt\/wp-json\/wp\/v2\/media?parent=1161"}],"wp:term":[{"taxonomy":"product_cat","embeddable":true,"href":"https:\/\/actibase.eu\/pt\/wp-json\/wp\/v2\/product_cat?post=1161"},{"taxonomy":"product_tag","embeddable":true,"href":"https:\/\/actibase.eu\/pt\/wp-json\/wp\/v2\/product_tag?post=1161"}],"curies":[{"name":"wp","href":"https:\/\/api.w.org\/{rel}","templated":true}]}}