{"id":1199,"date":"2024-10-25T17:16:49","date_gmt":"2024-10-25T15:16:49","guid":{"rendered":"https:\/\/actibase.eu\/?post_type=product&#038;p=1199"},"modified":"2024-10-25T17:17:44","modified_gmt":"2024-10-25T15:17:44","slug":"kwas-octowy-lodowy-999","status":"publish","type":"product","link":"https:\/\/actibase.eu\/pt\/product\/kwas-octowy-lodowy-999\/","title":{"rendered":"Kwas octowy lodowy 99,9%"},"content":{"rendered":"<p>Kwas octowy lodowy jest prze\u017aroczyst\u0105, \u017cr\u0105c\u0105 ciecz\u0105.<\/p>\n<p>Przez wysok\u0105 higroskopijno\u015b\u0107 poch\u0142ania wilgo\u0107 z powietrza co skutkuje jego och\u0142odzeniem\u00a0i oszronieniem\u00a0 pojemnika w kt\u00f3rym jest przechowywany<\/p>\n<p>Przechowywa\u0107 w temperaturze powy\u017cej 16 stopni gdy\u017c poni\u017cej kwas zamienia si\u0119 w bry\u0142\u0119 lodow\u0105<\/p>\n<p>CAS: 64-19-7<\/p>\n<p>O pre\u00e7o \u00e9 para 1 l<\/p>","protected":false},"excerpt":{"rendered":"<p>Kwas octowy lodowy jest prze\u017aroczyst\u0105, \u017cr\u0105c\u0105 ciecz\u0105. Przez wysok\u0105 higroskopijno\u015b\u0107 poch\u0142ania wilgo\u0107 z powietrza co skutkuje jego och\u0142odzeniem\u00a0i oszronieniem\u00a0 pojemnika w kt\u00f3rym jest przechowywany Przechowywa\u0107 w temperaturze powy\u017cej 16 stopni<\/p>","protected":false},"featured_media":1200,"template":"","meta":[],"product_cat":[88],"product_tag":[],"class_list":{"0":"post-1199","1":"product","2":"type-product","3":"status-publish","4":"has-post-thumbnail","6":"product_cat-kwasy","8":"first","9":"instock","10":"taxable","11":"shipping-taxable","12":"purchasable","13":"product-type-simple"},"_links":{"self":[{"href":"https:\/\/actibase.eu\/pt\/wp-json\/wp\/v2\/product\/1199","targetHints":{"allow":["GET"]}}],"collection":[{"href":"https:\/\/actibase.eu\/pt\/wp-json\/wp\/v2\/product"}],"about":[{"href":"https:\/\/actibase.eu\/pt\/wp-json\/wp\/v2\/types\/product"}],"version-history":[{"count":1,"href":"https:\/\/actibase.eu\/pt\/wp-json\/wp\/v2\/product\/1199\/revisions"}],"predecessor-version":[{"id":1201,"href":"https:\/\/actibase.eu\/pt\/wp-json\/wp\/v2\/product\/1199\/revisions\/1201"}],"wp:featuredmedia":[{"embeddable":true,"href":"https:\/\/actibase.eu\/pt\/wp-json\/wp\/v2\/media\/1200"}],"wp:attachment":[{"href":"https:\/\/actibase.eu\/pt\/wp-json\/wp\/v2\/media?parent=1199"}],"wp:term":[{"taxonomy":"product_cat","embeddable":true,"href":"https:\/\/actibase.eu\/pt\/wp-json\/wp\/v2\/product_cat?post=1199"},{"taxonomy":"product_tag","embeddable":true,"href":"https:\/\/actibase.eu\/pt\/wp-json\/wp\/v2\/product_tag?post=1199"}],"curies":[{"name":"wp","href":"https:\/\/api.w.org\/{rel}","templated":true}]}}