{"id":1223,"date":"2024-10-25T17:37:46","date_gmt":"2024-10-25T15:37:46","guid":{"rendered":"https:\/\/actibase.eu\/?post_type=product&#038;p=1223"},"modified":"2024-10-25T17:38:06","modified_gmt":"2024-10-25T15:38:06","slug":"chlorek-metylenu-dichlorometan-999","status":"publish","type":"product","link":"https:\/\/actibase.eu\/pt\/product\/chlorek-metylenu-dichlorometan-999\/","title":{"rendered":"Chlorek metylenu, Dichlorometan 99,9%"},"content":{"rendered":"<div class=\"resetcss\">\n<p>Dichlorometan jest bezbarwn\u0105 ciecz\u0105 kt\u00f3ra bardzo szybko paruje.<\/p>\n<p>Posiada nisk\u0105 temperatur\u0119 wrzenia 39,8 \u00b0C<\/p>\n<p>Jest niepaln\u0105 substancj\u0105 wykorzystywana do ekstrakcji.<\/p>\n<p>Praca z t\u0105 ciecz\u0105 musi by\u0107 koniecznie wykonywana pod wyci\u0105giem gdy\u017c pary s\u0105 toksyczne.<\/p>\n<p>Mo\u017ce powodowa\u0107 zatrucia oraz utrat\u0119 przytomno\u015bci przy d\u0142ugotrwa\u0142ym wdychaniu<\/p>\n<p>O pre\u00e7o \u00e9 para 1 l<\/p>\n<\/div>","protected":false},"excerpt":{"rendered":"<p>Dichlorometan jest bezbarwn\u0105 ciecz\u0105 kt\u00f3ra bardzo szybko paruje. Posiada nisk\u0105 temperatur\u0119 wrzenia 39,8 \u00b0C Jest niepaln\u0105 substancj\u0105 wykorzystywana do ekstrakcji. Praca z t\u0105 ciecz\u0105 musi by\u0107 koniecznie wykonywana pod wyci\u0105giem<\/p>","protected":false},"featured_media":1224,"template":"","meta":[],"product_cat":[89],"product_tag":[],"class_list":{"0":"post-1223","1":"product","2":"type-product","3":"status-publish","4":"has-post-thumbnail","6":"product_cat-rozpuszczalniki","8":"first","9":"instock","10":"taxable","11":"shipping-taxable","12":"purchasable","13":"product-type-simple"},"_links":{"self":[{"href":"https:\/\/actibase.eu\/pt\/wp-json\/wp\/v2\/product\/1223","targetHints":{"allow":["GET"]}}],"collection":[{"href":"https:\/\/actibase.eu\/pt\/wp-json\/wp\/v2\/product"}],"about":[{"href":"https:\/\/actibase.eu\/pt\/wp-json\/wp\/v2\/types\/product"}],"version-history":[{"count":1,"href":"https:\/\/actibase.eu\/pt\/wp-json\/wp\/v2\/product\/1223\/revisions"}],"predecessor-version":[{"id":1225,"href":"https:\/\/actibase.eu\/pt\/wp-json\/wp\/v2\/product\/1223\/revisions\/1225"}],"wp:featuredmedia":[{"embeddable":true,"href":"https:\/\/actibase.eu\/pt\/wp-json\/wp\/v2\/media\/1224"}],"wp:attachment":[{"href":"https:\/\/actibase.eu\/pt\/wp-json\/wp\/v2\/media?parent=1223"}],"wp:term":[{"taxonomy":"product_cat","embeddable":true,"href":"https:\/\/actibase.eu\/pt\/wp-json\/wp\/v2\/product_cat?post=1223"},{"taxonomy":"product_tag","embeddable":true,"href":"https:\/\/actibase.eu\/pt\/wp-json\/wp\/v2\/product_tag?post=1223"}],"curies":[{"name":"wp","href":"https:\/\/api.w.org\/{rel}","templated":true}]}}