{"id":1364,"date":"2024-10-26T16:09:02","date_gmt":"2024-10-26T14:09:02","guid":{"rendered":"https:\/\/actibase.eu\/?post_type=product&#038;p=1364"},"modified":"2024-10-26T16:10:21","modified_gmt":"2024-10-26T14:10:21","slug":"metanol-alkohol-metylowy-999","status":"publish","type":"product","link":"https:\/\/actibase.eu\/pt\/product\/metanol-alkohol-metylowy-999\/","title":{"rendered":"Metanol, Alkohol Metylowy 99,9%"},"content":{"rendered":"<div id=\"box_description\" class=\"box tab\">\n<div class=\"innerbox\">\n<div class=\"resetcss\">\n<div id=\"box_description\" class=\"box tab\">\n<div class=\"innerbox\">\n<div class=\"resetcss\">\n<p>Alkohol metylowy o czysto\u015bci 99,9%<\/p>\n<p>O pre\u00e7o \u00e9 para 1 l<\/p>\n<h1><strong>SPRZEDA\u017b WY\u0141\u0104CZNIE NA FAKTUR\u0118 FIRMOW\u0104.<\/strong><\/h1>\n<p>Deklaracja u\u017cytkowania dla os\u00f3b fizycznych wykorzystuj\u0105cych metanol jak w podpunktach 1,2,3,4.<\/p>\n<p>Zgodnie z\u00a0 art 26 ust. 1 ustawy z dnia 25 lutego 2011 r. o substancjach chemicznych i ich mieszaninach (Dz.U. Nr 63, poz 322 oraz z 2012 r. poz.908), a tak\u017ce z Rozporz\u0105dzeniem Ministra Gospodarki z dnia 25 wrze\u015bnia 2013 zmieniaj\u0105cego rozporz\u0105dzenie w sprawie ogranicze\u0144 produkcji, obrotu lub stosowania substancji i mieszanin niebezpiecznych lub stwarzaj\u0105cych zagro\u017cenie oraz wprowadzania do obrotu lub stosowania wyrob\u00f3w zawieraj\u0105cych takie substancje lub mieszaniny: \u00a7 2a.1. Zakazuje si\u0119 obrotu polegaj\u0105cego na sprzeda\u017cy dla konsument\u00f3w na terytorium rzeczypospolitej Polskiej :<\/p>\n<p>1) metanolu (CAS 67-56-1);<\/p>\n<p>2) substancji zawieraj\u0105cych metanol w st\u0119\u017ceniach wi\u0119kszych ni\u017c 3% wagowych;<\/p>\n<p>3) mieszanin zawieraj\u0105cych metanol w st\u0119\u017ceniach wi\u0119kszych ni\u017c 3% wagowych;<\/p>\n<p>2. Przepisu ust.1 nie stosuje si\u0119 do nast\u0119puj\u0105cych substancji lub mieszanin zawieraj\u0105cych metanol w st\u0119\u017ceniach wi\u0119kszych ni\u017c 3% wagowych:<\/p>\n<p>1) paliw do silnik\u00f3w stosowanych w modelarstwie;<\/p>\n<p>2) paliw do silnik\u00f3w spalinowych\u00a0 u\u017cywanych w sportach motorowodnych;<\/p>\n<p>3) paliw do ogniw paliwowych;<\/p>\n<p>4) biopaliw ciek\u0142ych w rozumieniu ustawy z dnia 25 sierpnia 2006 r. o biokomponentach i biopaliwach ciek\u0142ych (Dz.U. z 2013 r. poz. 1164).\u201d.<\/p>\n<\/div>\n<\/div>\n<\/div>\n<\/div>\n<\/div>\n<\/div>","protected":false},"excerpt":{"rendered":"<p>Alkohol metylowy o czysto\u015bci 99,9% Cena dotyczy 1l SPRZEDA\u017b WY\u0141\u0104CZNIE NA FAKTUR\u0118 FIRMOW\u0104. Deklaracja u\u017cytkowania dla os\u00f3b fizycznych wykorzystuj\u0105cych metanol jak w podpunktach 1,2,3,4. Zgodnie z\u00a0 art 26 ust. 1<\/p>","protected":false},"featured_media":1365,"template":"","meta":[],"product_cat":[68],"product_tag":[],"class_list":{"0":"post-1364","1":"product","2":"type-product","3":"status-publish","4":"has-post-thumbnail","6":"product_cat-odczynniki-chemiczne","8":"first","9":"instock","10":"taxable","11":"shipping-taxable","12":"purchasable","13":"product-type-simple"},"_links":{"self":[{"href":"https:\/\/actibase.eu\/pt\/wp-json\/wp\/v2\/product\/1364","targetHints":{"allow":["GET"]}}],"collection":[{"href":"https:\/\/actibase.eu\/pt\/wp-json\/wp\/v2\/product"}],"about":[{"href":"https:\/\/actibase.eu\/pt\/wp-json\/wp\/v2\/types\/product"}],"version-history":[{"count":2,"href":"https:\/\/actibase.eu\/pt\/wp-json\/wp\/v2\/product\/1364\/revisions"}],"predecessor-version":[{"id":1367,"href":"https:\/\/actibase.eu\/pt\/wp-json\/wp\/v2\/product\/1364\/revisions\/1367"}],"wp:featuredmedia":[{"embeddable":true,"href":"https:\/\/actibase.eu\/pt\/wp-json\/wp\/v2\/media\/1365"}],"wp:attachment":[{"href":"https:\/\/actibase.eu\/pt\/wp-json\/wp\/v2\/media?parent=1364"}],"wp:term":[{"taxonomy":"product_cat","embeddable":true,"href":"https:\/\/actibase.eu\/pt\/wp-json\/wp\/v2\/product_cat?post=1364"},{"taxonomy":"product_tag","embeddable":true,"href":"https:\/\/actibase.eu\/pt\/wp-json\/wp\/v2\/product_tag?post=1364"}],"curies":[{"name":"wp","href":"https:\/\/api.w.org\/{rel}","templated":true}]}}