{"id":1389,"date":"2024-10-26T16:15:44","date_gmt":"2024-10-26T14:15:44","guid":{"rendered":"https:\/\/actibase.eu\/?post_type=product&#038;p=1389"},"modified":"2024-10-26T16:16:10","modified_gmt":"2024-10-26T14:16:10","slug":"stearynian-magnezu-farmaceutyczny","status":"publish","type":"product","link":"https:\/\/actibase.eu\/pt\/product\/stearynian-magnezu-farmaceutyczny\/","title":{"rendered":"Stearynian magnezu farmaceutyczny"},"content":{"rendered":"<div id=\"box_description\" class=\"box tab\">\n<div class=\"innerbox\">\n<div class=\"resetcss\">\n<div id=\"box_description\" class=\"box tab\">\n<div class=\"innerbox\">\n<div class=\"resetcss\">\n<div class=\"NazwaProducent\">\n<p>Stearynian magnezu farmaceutyczny<\/p>\n<p>Wz\u00f3r sumaryczny: C36H70MgO4<\/p>\n<p>Numer CAS : 557-04-0<\/p>\n<p>Wygl\u0105d: Bia\u0142y bezwonny proszek<\/p>\n<p>Opakowanie: Pojemnik PP<\/p>\n<p>Cena dotyczy 1kg<\/p>\n<\/div>\n<\/div>\n<\/div>\n<\/div>\n<\/div>\n<\/div>\n<\/div>","protected":false},"excerpt":{"rendered":"<p>Stearynian magnezu farmaceutyczny Wz\u00f3r sumaryczny: C36H70MgO4 Numer CAS : 557-04-0 Wygl\u0105d: Bia\u0142y bezwonny proszek Opakowanie: Pojemnik PP Cena dotyczy 1kg<\/p>","protected":false},"featured_media":1390,"template":"","meta":[],"product_cat":[68],"product_tag":[],"class_list":{"0":"post-1389","1":"product","2":"type-product","3":"status-publish","4":"has-post-thumbnail","6":"product_cat-odczynniki-chemiczne","8":"first","9":"instock","10":"taxable","11":"shipping-taxable","12":"purchasable","13":"product-type-simple"},"_links":{"self":[{"href":"https:\/\/actibase.eu\/pt\/wp-json\/wp\/v2\/product\/1389","targetHints":{"allow":["GET"]}}],"collection":[{"href":"https:\/\/actibase.eu\/pt\/wp-json\/wp\/v2\/product"}],"about":[{"href":"https:\/\/actibase.eu\/pt\/wp-json\/wp\/v2\/types\/product"}],"version-history":[{"count":1,"href":"https:\/\/actibase.eu\/pt\/wp-json\/wp\/v2\/product\/1389\/revisions"}],"predecessor-version":[{"id":1391,"href":"https:\/\/actibase.eu\/pt\/wp-json\/wp\/v2\/product\/1389\/revisions\/1391"}],"wp:featuredmedia":[{"embeddable":true,"href":"https:\/\/actibase.eu\/pt\/wp-json\/wp\/v2\/media\/1390"}],"wp:attachment":[{"href":"https:\/\/actibase.eu\/pt\/wp-json\/wp\/v2\/media?parent=1389"}],"wp:term":[{"taxonomy":"product_cat","embeddable":true,"href":"https:\/\/actibase.eu\/pt\/wp-json\/wp\/v2\/product_cat?post=1389"},{"taxonomy":"product_tag","embeddable":true,"href":"https:\/\/actibase.eu\/pt\/wp-json\/wp\/v2\/product_tag?post=1389"}],"curies":[{"name":"wp","href":"https:\/\/api.w.org\/{rel}","templated":true}]}}