{"id":1549,"date":"2024-10-26T17:41:55","date_gmt":"2024-10-26T15:41:55","guid":{"rendered":"https:\/\/actibase.eu\/?post_type=product&#038;p=1549"},"modified":"2024-10-26T17:42:43","modified_gmt":"2024-10-26T15:42:43","slug":"cyjanek-potasu-kcn-1kg-min-99","status":"publish","type":"product","link":"https:\/\/actibase.eu\/pt\/product\/cyjanek-potasu-kcn-1kg-min-99\/","title":{"rendered":"Cyjanek Potasu KCN 1KG min. 99%"},"content":{"rendered":"<div class=\"NazwaProducent\">\n<p>Cyjanek potasu<\/p>\n<p>Wz\u00f3r chemiczny KCN<\/p>\n<p>Masa molowa 65,12<\/p>\n<p>Numer CAS 151-50-8<\/p>\n<p>Numer WE 205-792-3<\/p>\n<p>Zastosowanie synteza zwi\u0105zk\u00f3w chemicznych i farmaceutycznych, recykling metali szlachetnych, galwanotechnika, utwardzenie metalu.<\/p>\n<p>W\u0142a\u015bciwo\u015bci:<\/p>\n<p>Stan skupienia (w 20\u00b0C): cia\u0142o sta\u0142e<\/p>\n<p>Barwa: bia\u0142a<\/p>\n<p>Temperatura topnienia: 634,5 \u00b0 C<\/p>\n<p>Temperatura wrzenia: brak danych<\/p>\n<p>G\u0119sto\u015b\u0107 w temp. 20\u00b0C: 1,56 g\/cm3<\/p>\n<p>Rozpuszczalno\u015b\u0107 w wodzie w temp. 20\u00b0C: 400 g\/l<\/p>\n<p>Cena dotyczy 1KG<\/p>\n<p>Zawiera substancj\u0119 umieszczon\u0105 w Wykazie produkt\u00f3w podw\u00f3jnego zastosowania zamieszczonym w Rozporz\u0105dzeniu Rady (WE) Nr 428\/2009 z dnia 05.05.2009r., kt\u00f3re mog\u0105 by\u0107 u\u017cywane jako p\u00f3\u0142produkt w produkcji broni chemicznej. W zwi\u0105zku z powy\u017cszym, Kupuj\u0105cy zobowi\u0105zany jest do wype\u0142nienia deklaracji podw\u00f3jnego zastosowania.<\/p>\n<p><strong>Zakup mo\u017cliwy tylko dla podmiot\u00f3w gospodarczych po wype\u0142nieniu deklaracji podw\u00f3jnego zastosowania.<\/strong><\/p>\n<p><strong>Deklaracja<\/strong><\/p>\n<p>Firma\u2026\u2026\u2026\u2026\u2026.. o numerze NIP\u2026\u2026\u2026\u2026\u2026\u2026 z siedzib\u0105\u2026\u2026\u2026\u2026\u2026\u2026\u2026\u2026\u2026\u2026\u2026\u2026.. Reprezentowana przez\u2026\u2026\u2026\u2026\u2026\u2026\u2026\u2026(zwana dalej kupuj\u0105cym potwierdza, \u017ce zosta\u0142a poinformowana i\u017c produkt cyjanek potasu, zawiera substancj\u0119 umieszczon\u0105 na li\u015bcie produkt\u00f3w podw\u00f3jnego zastosowania 1C350 (Rozporz\u0105dzenie Rady (WE) Nr 428\/2009) kt\u00f3re mog\u0105 by\u0107 u\u017cywane jako p\u00f3\u0142produkt w produkcji broni chemicznej. W zwi\u0105zku z powy\u017cszym, wspomniany wy\u017cej Kupuj\u0105cy potwierdza, \u017ce: -Zakupiony produkt jest tylko i wy\u0142\u0105cznie stosowany do: \u2026\u2026\u2026\u2026\u2026\u2026\u2026\u2026\u2026\u2026\u2026\u2026\u2026\u2026\u2026\u2026\u2026\u2026 -Posiada wyposa\u017cenie, procedury technologiczne pozwalaj\u0105ce mu na obchodzenie si\u0119 z Produktem zgodnie z wymaganiami ustanowionymi przez aktualne prawo. Inne regulacje pozwalaj\u0105ce zapewni\u0107, \u017ce produkt ten b\u0119dzie u\u017cywany bezpiecznie, a ryzyko jakiegokolwiek wypadku lub krzywdy zwi\u0105zane ze stosowaniem lub obrotem b\u0119dzie wyeliminowane. W zwi\u0105zku z powy\u017cszym Kupuj\u0105cy zobowi\u0105zuje si\u0119 do: -nie u\u017cywania produktu do cel\u00f3w innych ni\u017c jest to wykazane w deklaracji. -podj\u0119cie wszelkich \u015brodk\u00f3w, przy odsprzeda\u017cy, zapobiegaj\u0105c sprzeda\u017cy produktu do podmiotu mog\u0105cego dopu\u015bci\u0107 si\u0119 jego nadu\u017cycia. W przypadku sprzeda\u017cy produktu do osoby trzeciej Kupujacy zobowi\u0105zuje si\u0119 dopilnowa\u0107 aby odbiorca okre\u015bli\u0142 cel swojego zastosowania i potwierdzi\u0142 w formie pisemnej, \u017ce Produkt nie b\u0119dzie nadu\u017cyty przez niego i ka\u017cd\u0105 inn\u0105 osob\u0119 do kt\u00f3rej b\u0119dzie dostarczany.<\/p>\n<p>&nbsp;<\/p>\n<p>Po wype\u0142nieniu deklaracji prosz\u0119 o opiecz\u0119towanie i podpisanie.<\/p>\n<p>Gotow\u0105 deklaracje przes\u0142a\u0107 na adres firmy z pe\u0142nymi danymi podmiotu gospodarczego.<\/p>\n<\/div>","protected":false},"excerpt":{"rendered":"<p>Cyjanek potasu Wz\u00f3r chemiczny KCN Masa molowa 65,12 Numer CAS 151-50-8 Numer WE 205-792-3 Zastosowanie synteza zwi\u0105zk\u00f3w chemicznych i farmaceutycznych, recykling metali szlachetnych, galwanotechnika, utwardzenie metalu. W\u0142a\u015bciwo\u015bci: Stan skupienia (w<\/p>","protected":false},"featured_media":1550,"template":"","meta":[],"product_cat":[99],"product_tag":[],"class_list":{"0":"post-1549","1":"product","2":"type-product","3":"status-publish","4":"has-post-thumbnail","6":"product_cat-cyjanki","8":"first","9":"instock","10":"taxable","11":"shipping-taxable","12":"purchasable","13":"product-type-simple"},"_links":{"self":[{"href":"https:\/\/actibase.eu\/pt\/wp-json\/wp\/v2\/product\/1549","targetHints":{"allow":["GET"]}}],"collection":[{"href":"https:\/\/actibase.eu\/pt\/wp-json\/wp\/v2\/product"}],"about":[{"href":"https:\/\/actibase.eu\/pt\/wp-json\/wp\/v2\/types\/product"}],"version-history":[{"count":1,"href":"https:\/\/actibase.eu\/pt\/wp-json\/wp\/v2\/product\/1549\/revisions"}],"predecessor-version":[{"id":1551,"href":"https:\/\/actibase.eu\/pt\/wp-json\/wp\/v2\/product\/1549\/revisions\/1551"}],"wp:featuredmedia":[{"embeddable":true,"href":"https:\/\/actibase.eu\/pt\/wp-json\/wp\/v2\/media\/1550"}],"wp:attachment":[{"href":"https:\/\/actibase.eu\/pt\/wp-json\/wp\/v2\/media?parent=1549"}],"wp:term":[{"taxonomy":"product_cat","embeddable":true,"href":"https:\/\/actibase.eu\/pt\/wp-json\/wp\/v2\/product_cat?post=1549"},{"taxonomy":"product_tag","embeddable":true,"href":"https:\/\/actibase.eu\/pt\/wp-json\/wp\/v2\/product_tag?post=1549"}],"curies":[{"name":"wp","href":"https:\/\/api.w.org\/{rel}","templated":true}]}}